{"id":151,"date":"2023-02-21T13:15:41","date_gmt":"2023-02-21T13:15:41","guid":{"rendered":"https:\/\/venomcars.pl\/?page_id=151"},"modified":"2024-02-01T12:43:57","modified_gmt":"2024-02-01T12:43:57","slug":"kontakt","status":"publish","type":"page","link":"https:\/\/venomcars.pl\/?page_id=151","title":{"rendered":"Kontakt"},"content":{"rendered":"<section class=\"bde-section-151-100 bde-section\">\n          \n          \n  \n\t\n\n\n\n<div class=\"section-container\"><h2 class=\"bde-heading-151-101 bde-heading\" data-parallax=\"true\">\n          \n          Rezerwacja krok po kroku\n         <\/h2><div class=\"bde-text-151-102 bde-text\" data-parallax=\"true\">\n          \n          Je\u015bli pierwszy raz chcesz skorzysta\u0107 z naszych us\u0142ug, polecamy poni\u017cszy poradnik, aby twoje wymarzone auto JU\u017b JUTRO mog\u0142o sta\u0107 na twoim podje\u017adzie.\n         <\/div><div class=\"bde-div-151-103 bde-div\" data-parallax=\"true\">\n          \n          \n  \n\t\n\n\n\n<div class=\"bde-div-151-104 bde-div\">\n          \n          \n  \n\t\n\n\n\n<h3 class=\"bde-heading-151-105 bde-heading\">\n          \n          Wst\u0119pna rezerwacja\n         <\/h3><div class=\"bde-rich-text-151-106 bde-rich-text breakdance-rich-text-styles\">\n          \n          <p>Kontaktujesz si\u0119 z nami telefonicznie pod numerem <a target=\"_self\" href=\"tel:512219625\">512 219 625 <\/a>lub <a target=\"_self\" href=\"tel:885534428\">885 534 428. <\/a>Mo\u017cesz r\u00f3wnie\u017c napisa\u0107 do nas na adres <a target=\"_self\" href=\"mailto:contact@venomcars.pl\">contact@venomcars.pl<\/a> .Polecamy r\u00f3wnie\u017c skorzysta\u0107 z formularza rezerwacyjnego znajduj\u0105cego si\u0119 na stronie<\/p>\n         <\/div><div class=\"bde-button-151-107 bde-button\">\n          \n              \n                                    \n    \n                    \n            \n                           \n                       \n                 \n\n    \n                    \n    <a class=\"breakdance-link  button-atom button-atom--custom bde-button__button\" href=\"#\" target=\"_self\" data-type=\"action\"  data-action='{\"type\":\"popup\",\"popupOptions\":{\"popupId\":\"345\",\"popupAction\":\"open\"}}' >\n\n    \n        <span class=\"button-atom__text\">Zarezerwuj teraz<\/span>\n\n        \n        \n                <\/a>\n\n    \n\n\n         <\/div>\n         <\/div><div class=\"bde-div-151-108 bde-div\">\n          \n          \n  \n\t\n\n\n\n<div class=\"bde-div-151-109 bde-div\">\n          \n          \n  \n\t\n\n\n\n<div class=\"bde-image-151-110 bde-image\">\n          \n           \n\n\n\n\n\n<figure class=\"breakdance-image breakdance-image--112\">\n\t<div class=\"breakdance-image-container\">\n\t\t<div class=\"breakdance-image-clip\">\n\t\t\t\n\t\t\t\t\n\t\t\t\t\t      \n  \n  \n  \n  \n      \n      <img decoding=\"async\"\n      class=\"breakdance-image-object\"\n      src=\"https:\/\/venomcars.pl\/wp-content\/uploads\/rezerwacja-44-44.png\"\n      width=\"44\"\n      height=\"44\"\n      alt=\"kalendarz-rezerwacyjny\"\n      loading=\"lazy\"\n              srcset=\"\"\n              sizes=\"auto, \"\n          >\n  \n\n\t\t\t\t\t\n\t\t\t\t\t\t<\/div>\n\t<\/div>\n\n\t<\/figure>\n\n         <\/div>\n         <\/div><div class=\"bde-div-151-111 bde-div\">\n          \n          \n  \n\t\n\n\n\n\n         <\/div>\n         <\/div>\n         <\/div><div class=\"bde-div-151-112 bde-div\" data-parallax=\"true\">\n          \n          \n  \n\t\n\n\n\n<div class=\"bde-div-151-113 bde-div\">\n          \n          \n  \n\t\n\n\n\n<div class=\"bde-div-151-114 bde-div\">\n          \n          \n  \n\t\n\n\n\n<div class=\"bde-image-151-115 bde-image\">\n          \n           \n\n\n\n\n\n<figure class=\"breakdance-image breakdance-image--113\">\n\t<div class=\"breakdance-image-container\">\n\t\t<div class=\"breakdance-image-clip\">\n\t\t\t\n\t\t\t\t\n\t\t\t\t\t      \n  \n  \n  \n  \n      \n      <img decoding=\"async\"\n      class=\"breakdance-image-object\"\n      src=\"https:\/\/venomcars.pl\/wp-content\/uploads\/potwierdzenie-44-44.png\"\n      width=\"44\"\n      height=\"44\"\n      alt=\"potwierdzenie-rezerwacji\"\n      loading=\"lazy\"\n              srcset=\"\"\n              sizes=\"auto, \"\n          >\n  \n\n\t\t\t\t\t\n\t\t\t\t\t\t<\/div>\n\t<\/div>\n\n\t<\/figure>\n\n         <\/div>\n         <\/div><div class=\"bde-div-151-116 bde-div\">\n          \n          \n  \n\t\n\n\n\n\n         <\/div>\n         <\/div><div class=\"bde-div-151-117 bde-div\">\n          \n          \n  \n\t\n\n\n\n<h3 class=\"bde-heading-151-118 bde-heading\">\n          \n          Potwierdzenie rezerwacji\n         <\/h3><div class=\"bde-rich-text-151-119 bde-rich-text breakdance-rich-text-styles\">\n          \n          <p>Zbieramy wszystkie potrzebne dane do sfinalizowania rezerwacji, nasz pracownik konsultuje si\u0119 telefonicznie z klientem w celu ustalenia wszystkich szczeg\u00f3\u0142\u00f3w us\u0142ugi.<\/p>\n         <\/div>\n         <\/div>\n         <\/div><div class=\"bde-div-151-120 bde-div\" data-parallax=\"true\">\n          \n          \n  \n\t\n\n\n\n<div class=\"bde-div-151-121 bde-div\">\n          \n          \n  \n\t\n\n\n\n<h3 class=\"bde-heading-151-122 bde-heading\">\n          \n          Dostawa pojazdu\n         <\/h3><div class=\"bde-rich-text-151-123 bde-rich-text breakdance-rich-text-styles\">\n          \n          <p>Podpisujemy umow\u0119, a nast\u0119pnie regulujemy koszty. Samoch\u00f3d jest dostarczany pod wskazany adres z pe\u0142nym bakiem i w pe\u0142ni gotowy na twoje przygody.<\/p>\n         <\/div>\n         <\/div><div class=\"bde-div-151-124 bde-div\">\n          \n          \n  \n\t\n\n\n\n<div class=\"bde-div-151-125 bde-div\">\n          \n          \n  \n\t\n\n\n\n<div class=\"bde-image-151-126 bde-image\">\n          \n           \n\n\n\n\n\n<figure class=\"breakdance-image breakdance-image--114\">\n\t<div class=\"breakdance-image-container\">\n\t\t<div class=\"breakdance-image-clip\">\n\t\t\t\n\t\t\t\t\n\t\t\t\t\t      \n  \n  \n  \n  \n      \n      <img decoding=\"async\"\n      class=\"breakdance-image-object\"\n      src=\"https:\/\/venomcars.pl\/wp-content\/uploads\/dostawa-44-44.png\"\n      width=\"44\"\n      height=\"44\"\n      alt=\"dostawa\"\n      loading=\"lazy\"\n              srcset=\"\"\n              sizes=\"auto, \"\n          >\n  \n\n\t\t\t\t\t\n\t\t\t\t\t\t<\/div>\n\t<\/div>\n\n\t<\/figure>\n\n         <\/div>\n         <\/div><div class=\"bde-div-151-127 bde-div\">\n          \n          \n  \n\t\n\n\n\n\n         <\/div>\n         <\/div>\n         <\/div><div class=\"bde-div-151-128 bde-div\" data-parallax=\"true\">\n          \n          \n  \n\t\n\n\n\n<div class=\"bde-div-151-129 bde-div\">\n          \n          \n  \n\t\n\n\n\n<div class=\"bde-image-151-130 bde-image\">\n          \n           \n\n\n\n\n\n<figure class=\"breakdance-image breakdance-image--115\">\n\t<div class=\"breakdance-image-container\">\n\t\t<div class=\"breakdance-image-clip\">\n\t\t\t\n\t\t\t\t\n\t\t\t\t\t      \n  \n  \n  \n  \n      \n      <img decoding=\"async\"\n      class=\"breakdance-image-object\"\n      src=\"https:\/\/venomcars.pl\/wp-content\/uploads\/telefon-44-44.png\"\n      width=\"44\"\n      height=\"44\"\n      alt=\"kontakt-telefoniczny\"\n      loading=\"lazy\"\n              srcset=\"\"\n              sizes=\"auto, \"\n          >\n  \n\n\t\t\t\t\t\n\t\t\t\t\t\t<\/div>\n\t<\/div>\n\n\t<\/figure>\n\n         <\/div>\n         <\/div><div class=\"bde-div-151-131 bde-div\">\n          \n          \n  \n\t\n\n\n\n<h3 class=\"bde-heading-151-132 bde-heading\">\n          \n          Sta\u0142y kontakt telefoniczny\n         <\/h3><div class=\"bde-rich-text-151-133 bde-rich-text breakdance-rich-text-styles\">\n          \n          <p>W razie wszelkich problem\u00f3w, pyta\u0144 lub niejasno\u015bci jeste\u015bmy pod telefonem <a target=\"_self\" href=\"tel:512219625\">512 219 625 <\/a>lub <a target=\"_self\" href=\"tel:885534428\">885 534 428.<\/a> Nie b\u00f3j si\u0119 dzwoni\u0107, jeste\u015bmy po to, aby <strong>Ci pom\u00f3c!<\/strong><\/p>\n         <\/div>\n         <\/div>\n         <\/div><\/div>\n         <\/section>","protected":false},"excerpt":{"rendered":"","protected":false},"author":1,"featured_media":0,"parent":0,"menu_order":0,"comment_status":"closed","ping_status":"closed","template":"","meta":{"inline_featured_image":false,"_breakdance_hide_in_design_set":false,"_breakdance_tags":"","footnotes":""},"class_list":["post-151","page","type-page","status-publish","hentry"],"yoast_head":"<!-- This site is optimized with the Yoast SEO plugin v27.4 - https:\/\/yoast.com\/product\/yoast-seo-wordpress\/ -->\n<title>Kontakt \u2013 Venom Cars<\/title>\n<meta name=\"robots\" content=\"index, follow, max-snippet:-1, max-image-preview:large, max-video-preview:-1\" \/>\n<link rel=\"canonical\" href=\"https:\/\/venomcars.pl\/?page_id=151\" \/>\n<meta property=\"og:locale\" content=\"pl_PL\" \/>\n<meta property=\"og:type\" content=\"article\" \/>\n<meta property=\"og:title\" content=\"Kontakt \u2013 Venom Cars\" \/>\n<meta property=\"og:url\" content=\"https:\/\/venomcars.pl\/?page_id=151\" \/>\n<meta property=\"og:site_name\" content=\"Venomcars\" \/>\n<meta property=\"article:publisher\" content=\"https:\/\/www.facebook.com\/Venom-Cars-Wypoyczalnia-samochodw-107974788811594?locale=pl_PL\" \/>\n<meta property=\"article:modified_time\" content=\"2024-02-01T12:43:57+00:00\" \/>\n<meta name=\"twitter:card\" content=\"summary_large_image\" \/>\n<meta name=\"twitter:label1\" content=\"Szacowany czas czytania\" \/>\n\t<meta name=\"twitter:data1\" content=\"2 minuty\" \/>\n<script type=\"application\/ld+json\" class=\"yoast-schema-graph\">{\"@context\":\"https:\\\/\\\/schema.org\",\"@graph\":[{\"@type\":\"WebPage\",\"@id\":\"https:\\\/\\\/venomcars.pl\\\/?page_id=151\",\"url\":\"https:\\\/\\\/venomcars.pl\\\/?page_id=151\",\"name\":\"Kontakt \u2013 Venom Cars\",\"isPartOf\":{\"@id\":\"https:\\\/\\\/venomcars.pl\\\/#website\"},\"datePublished\":\"2023-02-21T13:15:41+00:00\",\"dateModified\":\"2024-02-01T12:43:57+00:00\",\"breadcrumb\":{\"@id\":\"https:\\\/\\\/venomcars.pl\\\/?page_id=151#breadcrumb\"},\"inLanguage\":\"pl-PL\",\"potentialAction\":[{\"@type\":\"ReadAction\",\"target\":[\"https:\\\/\\\/venomcars.pl\\\/?page_id=151\"]}]},{\"@type\":\"BreadcrumbList\",\"@id\":\"https:\\\/\\\/venomcars.pl\\\/?page_id=151#breadcrumb\",\"itemListElement\":[{\"@type\":\"ListItem\",\"position\":1,\"name\":\"Strona g\u0142\u00f3wna\",\"item\":\"https:\\\/\\\/venomcars.pl\\\/\"},{\"@type\":\"ListItem\",\"position\":2,\"name\":\"Kontakt\"}]},{\"@type\":\"WebSite\",\"@id\":\"https:\\\/\\\/venomcars.pl\\\/#website\",\"url\":\"https:\\\/\\\/venomcars.pl\\\/\",\"name\":\"Venom Cars\",\"description\":\"\",\"publisher\":{\"@id\":\"https:\\\/\\\/venomcars.pl\\\/#organization\"},\"potentialAction\":[{\"@type\":\"SearchAction\",\"target\":{\"@type\":\"EntryPoint\",\"urlTemplate\":\"https:\\\/\\\/venomcars.pl\\\/?s={search_term_string}\"},\"query-input\":{\"@type\":\"PropertyValueSpecification\",\"valueRequired\":true,\"valueName\":\"search_term_string\"}}],\"inLanguage\":\"pl-PL\"},{\"@type\":\"Organization\",\"@id\":\"https:\\\/\\\/venomcars.pl\\\/#organization\",\"name\":\"Venom Cars\",\"url\":\"https:\\\/\\\/venomcars.pl\\\/\",\"logo\":{\"@type\":\"ImageObject\",\"inLanguage\":\"pl-PL\",\"@id\":\"https:\\\/\\\/venomcars.pl\\\/#\\\/schema\\\/logo\\\/image\\\/\",\"url\":\"https:\\\/\\\/venomcars.pl\\\/wp-content\\\/uploads\\\/venom-cars-black-logo.jpg\",\"contentUrl\":\"https:\\\/\\\/venomcars.pl\\\/wp-content\\\/uploads\\\/venom-cars-black-logo.jpg\",\"width\":640,\"height\":379,\"caption\":\"Venom Cars\"},\"image\":{\"@id\":\"https:\\\/\\\/venomcars.pl\\\/#\\\/schema\\\/logo\\\/image\\\/\"},\"sameAs\":[\"https:\\\/\\\/www.facebook.com\\\/Venom-Cars-Wypoyczalnia-samochodw-107974788811594?locale=pl_PL\",\"https:\\\/\\\/www.instagram.com\\\/venom_cars_wypozyczalnia\\\/\",\"https:\\\/\\\/www.tiktok.com\\\/@venom_cars_wypozyczalnia\"]}]}<\/script>\n<!-- \/ Yoast SEO plugin. -->","yoast_head_json":{"title":"Kontakt \u2013 Venom Cars","robots":{"index":"index","follow":"follow","max-snippet":"max-snippet:-1","max-image-preview":"max-image-preview:large","max-video-preview":"max-video-preview:-1"},"canonical":"https:\/\/venomcars.pl\/?page_id=151","og_locale":"pl_PL","og_type":"article","og_title":"Kontakt \u2013 Venom Cars","og_url":"https:\/\/venomcars.pl\/?page_id=151","og_site_name":"Venomcars","article_publisher":"https:\/\/www.facebook.com\/Venom-Cars-Wypoyczalnia-samochodw-107974788811594?locale=pl_PL","article_modified_time":"2024-02-01T12:43:57+00:00","twitter_card":"summary_large_image","twitter_misc":{"Szacowany czas czytania":"2 minuty"},"schema":{"@context":"https:\/\/schema.org","@graph":[{"@type":"WebPage","@id":"https:\/\/venomcars.pl\/?page_id=151","url":"https:\/\/venomcars.pl\/?page_id=151","name":"Kontakt \u2013 Venom Cars","isPartOf":{"@id":"https:\/\/venomcars.pl\/#website"},"datePublished":"2023-02-21T13:15:41+00:00","dateModified":"2024-02-01T12:43:57+00:00","breadcrumb":{"@id":"https:\/\/venomcars.pl\/?page_id=151#breadcrumb"},"inLanguage":"pl-PL","potentialAction":[{"@type":"ReadAction","target":["https:\/\/venomcars.pl\/?page_id=151"]}]},{"@type":"BreadcrumbList","@id":"https:\/\/venomcars.pl\/?page_id=151#breadcrumb","itemListElement":[{"@type":"ListItem","position":1,"name":"Strona g\u0142\u00f3wna","item":"https:\/\/venomcars.pl\/"},{"@type":"ListItem","position":2,"name":"Kontakt"}]},{"@type":"WebSite","@id":"https:\/\/venomcars.pl\/#website","url":"https:\/\/venomcars.pl\/","name":"Venom Cars","description":"","publisher":{"@id":"https:\/\/venomcars.pl\/#organization"},"potentialAction":[{"@type":"SearchAction","target":{"@type":"EntryPoint","urlTemplate":"https:\/\/venomcars.pl\/?s={search_term_string}"},"query-input":{"@type":"PropertyValueSpecification","valueRequired":true,"valueName":"search_term_string"}}],"inLanguage":"pl-PL"},{"@type":"Organization","@id":"https:\/\/venomcars.pl\/#organization","name":"Venom Cars","url":"https:\/\/venomcars.pl\/","logo":{"@type":"ImageObject","inLanguage":"pl-PL","@id":"https:\/\/venomcars.pl\/#\/schema\/logo\/image\/","url":"https:\/\/venomcars.pl\/wp-content\/uploads\/venom-cars-black-logo.jpg","contentUrl":"https:\/\/venomcars.pl\/wp-content\/uploads\/venom-cars-black-logo.jpg","width":640,"height":379,"caption":"Venom Cars"},"image":{"@id":"https:\/\/venomcars.pl\/#\/schema\/logo\/image\/"},"sameAs":["https:\/\/www.facebook.com\/Venom-Cars-Wypoyczalnia-samochodw-107974788811594?locale=pl_PL","https:\/\/www.instagram.com\/venom_cars_wypozyczalnia\/","https:\/\/www.tiktok.com\/@venom_cars_wypozyczalnia"]}]}},"_links":{"self":[{"href":"https:\/\/venomcars.pl\/index.php?rest_route=\/wp\/v2\/pages\/151","targetHints":{"allow":["GET"]}}],"collection":[{"href":"https:\/\/venomcars.pl\/index.php?rest_route=\/wp\/v2\/pages"}],"about":[{"href":"https:\/\/venomcars.pl\/index.php?rest_route=\/wp\/v2\/types\/page"}],"author":[{"embeddable":true,"href":"https:\/\/venomcars.pl\/index.php?rest_route=\/wp\/v2\/users\/1"}],"replies":[{"embeddable":true,"href":"https:\/\/venomcars.pl\/index.php?rest_route=%2Fwp%2Fv2%2Fcomments&post=151"}],"version-history":[{"count":3,"href":"https:\/\/venomcars.pl\/index.php?rest_route=\/wp\/v2\/pages\/151\/revisions"}],"predecessor-version":[{"id":784,"href":"https:\/\/venomcars.pl\/index.php?rest_route=\/wp\/v2\/pages\/151\/revisions\/784"}],"wp:attachment":[{"href":"https:\/\/venomcars.pl\/index.php?rest_route=%2Fwp%2Fv2%2Fmedia&parent=151"}],"curies":[{"name":"wp","href":"https:\/\/api.w.org\/{rel}","templated":true}]}}