{"id":661,"date":"2023-12-20T09:03:19","date_gmt":"2023-12-20T09:03:19","guid":{"rendered":"https:\/\/venomcars.pl\/?page_id=661"},"modified":"2024-05-14T11:27:45","modified_gmt":"2024-05-14T11:27:45","slug":"wynajem-audi-r8","status":"publish","type":"page","link":"https:\/\/venomcars.pl\/?page_id=661","title":{"rendered":"Wynajem Audi R8"},"content":{"rendered":"<section class=\"bde-section-661-100 bde-section\">\n          \n          \n  \n\t\n\n\n\n<div class=\"section-container\"><div class=\"bde-div-661-106 bde-div\">\n          \n          \n  \n\t\n\n\n\n<h1 class=\"bde-heading-661-101 bde-heading\">\n          \n          Wynajem Audi R8\n         <\/h1><div class=\"bde-image-661-105 bde-image sem-img\">\n          \n           \n\n\n\n\n\n<figure class=\"breakdance-image breakdance-image--582\">\n\t<div class=\"breakdance-image-container\">\n\t\t<div class=\"breakdance-image-clip\">\n\t\t\t\n\t\t\t\t\n\t\t\t\t\t      \n  \n  \n  \n  \n      \n      <img decoding=\"async\"\n      class=\"breakdance-image-object\"\n      src=\"https:\/\/venomcars.pl\/wp-content\/uploads\/R8-Venomcars.webp\"\n      width=\"1000\"\n      height=\"667\"\n      alt=\"Wypo\u017cyczalnia Audi R8\u2013 Venom Cars\"\n      loading=\"lazy\"\n              srcset=\"https:\/\/venomcars.pl\/wp-content\/uploads\/R8-Venomcars.webp 1000w, https:\/\/venomcars.pl\/wp-content\/uploads\/R8-Venomcars-300x200.webp 300w, https:\/\/venomcars.pl\/wp-content\/uploads\/R8-Venomcars-768x512.webp 768w\"\n              sizes=\"auto, (max-width: 1000px) 100vw, 1000px\"\n          >\n  \n\n\t\t\t\t\t\n\t\t\t\t\t\t<\/div>\n\t<\/div>\n\n\t<\/figure>\n\n         <\/div>\n         <\/div><div class=\"bde-rich-text-661-108 bde-rich-text breakdance-rich-text-styles\">\n          \n          <p>W naszej ofercie znajdziesz wy\u0142\u0105cznie najlepsze modele aut. Doskona\u0142e osi\u0105gi, zachwycaj\u0105cy design, nowoczesne wyposa\u017cenie \u2013 w\u0142a\u015bnie to cenimy najbardziej. Mo\u017cesz zdecydowa\u0107 si\u0119 na przyk\u0142ad na wynajem Audi R8. Skontaktuj si\u0119 z nami, a w ci\u0105gu kilku godzin od zg\u0142oszenia dostarczymy je pod wskazany adres. Przekonaj si\u0119, dlaczego warto wynaj\u0105\u0107 w\u0142a\u015bnie ten samoch\u00f3d i jakie s\u0105 warunki podpisania umowy z wypo\u017cyczalni\u0105. Zapewniamy elastyczne terminy i korzystne ceny.<\/p>\n         <\/div><div class=\"bde-form-builder-661-104 bde-form-builder\">\n          \n          \n          \n          \n<form id=\"contact-form104\" class=\"breakdance-form breakdance-form--vertical \" data-options=\"{&quot;slug&quot;:&quot;custom&quot;,&quot;name&quot;:&quot;Contact Form&quot;,&quot;ajaxUrl&quot;:&quot;https:\\\/\\\/venomcars.pl\\\/wp-admin\\\/admin-ajax.php&quot;,&quot;clearOnSuccess&quot;:true,&quot;hideOnSuccess&quot;:false,&quot;successMessage&quot;:&quot;Twoja rezerwacja zosta\\u0142a wys\\u0142ana, niebawem si\\u0119 odezwiemy w celu potwierdzenia.&quot;,&quot;errorMessage&quot;:&quot;Co\\u015b posz\\u0142o nie tak&quot;,&quot;redirect&quot;:false,&quot;redirectUrl&quot;:null,&quot;customJavaScript&quot;:null,&quot;recaptcha&quot;:{&quot;key&quot;:&quot;6Lc_sK0kAAAAALs3BcvlDZlemsAblS1EltmsjQmm&quot;,&quot;enabled&quot;:true},&quot;honeypot_enabled&quot;:false,&quot;popupsOnSuccess&quot;:[],&quot;popupsOnError&quot;:[]}\" data-steps=\"0\" >\n  \n  \n  \n          \n          <div class=\"breakdance-form-field breakdance-form-field--select\" >\n    \n            <label class=\"breakdance-form-field__label\" for=\"zyadwo\">\n            Wybierz pojazd<span class=\"breakdance-form-field__required\">*<\/span><\/span>\n        <\/label>\n    \n    <select\n    class=\"breakdance-form-field__input\"\n    id=\"zyadwo\"\n    name=\"fields[zyadwo]\"\n    required\n    \n        >\n      <option value=\"\">Select...<\/option>\n          <option value=\"Audi R8 Spyder V10\" selected>Audi R8 Spyder V10<\/option>\n  <\/select>\n\n\n    \n    \n<\/div>\n\n         \n          \n          <div class=\"breakdance-form-field breakdance-form-field--date\" >\n    \n            <label class=\"breakdance-form-field__label\" for=\"wspecr\">\n            Data odbioru<span class=\"breakdance-form-field__required\">*<\/span><\/span>\n        <\/label>\n    \n    <input\n    class=\"breakdance-form-field__input\"\n    id=\"wspecr\"\n    aria-describedby=\"wspecr\"\n    type=\"date\"\n    name=\"fields[wspecr]\"\n    placeholder=\"\"\n    value=\"\"\n        \n    \n    \n    required\n    \n    \n>\n\n\n    \n    \n<\/div>\n\n         \n          \n          <div class=\"breakdance-form-field breakdance-form-field--date\" >\n    \n            <label class=\"breakdance-form-field__label\" for=\"uheojv\">\n            Data oddania<span class=\"breakdance-form-field__required\">*<\/span><\/span>\n        <\/label>\n    \n    <input\n    class=\"breakdance-form-field__input\"\n    id=\"uheojv\"\n    aria-describedby=\"uheojv\"\n    type=\"date\"\n    name=\"fields[uheojv]\"\n    placeholder=\"\"\n    value=\"\"\n        \n    \n    \n    required\n    \n    \n>\n\n\n    \n    \n<\/div>\n\n         \n          \n          <div class=\"breakdance-form-field breakdance-form-field--checkbox\" >\n    \n    \n        <div class=\"breakdance-form-checkbox\">\n        <input\n            type=\"checkbox\"\n            name=\"fields[mlsfeq]\"\n            value=\"Mam kod promocyjny\"\n            id=\"mlsfeq-1\"\n            \n                    >\n        <label class=\"breakdance-form-checkbox__text\" for=\"mlsfeq-1\">Mam kod promocyjny<\/label>\n    <\/div>\n\n\n    \n    \n<\/div>\n\n         \n          \n          <div class=\"breakdance-form-field breakdance-form-field--text\" >\n    \n    \n    <input\n    class=\"breakdance-form-field__input\"\n    id=\"iqkrtg\"\n    aria-describedby=\"iqkrtg\"\n    type=\"text\"\n    name=\"fields[iqkrtg]\"\n    placeholder=\"Wpisz sw\u00f3j kod\"\n    value=\"\"\n          data-conditional-field-id=\"mlsfeq\"\n              data-conditional-value=\"\"\n            data-conditional-operand=\"is set\"\n        \n    \n    \n    \n    \n    \n>\n\n\n    \n    \n<\/div>\n\n         \n          \n          <div class=\"breakdance-form-field breakdance-form-field--text\" >\n    \n            <label class=\"breakdance-form-field__label\" for=\"name\">\n            Imi\u0119<span class=\"breakdance-form-field__required\">*<\/span><\/span>\n        <\/label>\n    \n    <input\n    class=\"breakdance-form-field__input\"\n    id=\"name\"\n    aria-describedby=\"name\"\n    type=\"text\"\n    name=\"fields[name]\"\n    placeholder=\"\"\n    value=\"\"\n        \n    \n    \n    required\n    \n    \n>\n\n\n    \n    \n<\/div>\n\n         \n          \n          <div class=\"breakdance-form-field breakdance-form-field--text\" >\n    \n            <label class=\"breakdance-form-field__label\" for=\"obgoee\">\n            Nazwisko<span class=\"breakdance-form-field__required\">*<\/span><\/span>\n        <\/label>\n    \n    <input\n    class=\"breakdance-form-field__input\"\n    id=\"obgoee\"\n    aria-describedby=\"obgoee\"\n    type=\"text\"\n    name=\"fields[obgoee]\"\n    placeholder=\"\"\n    value=\"\"\n        \n    \n    \n    required\n    \n    \n>\n\n\n    \n    \n<\/div>\n\n         \n          \n          <div class=\"breakdance-form-field breakdance-form-field--email\" >\n    \n            <label class=\"breakdance-form-field__label\" for=\"email\">\n            Email<span class=\"breakdance-form-field__required\">*<\/span><\/span>\n        <\/label>\n    \n    <input\n    class=\"breakdance-form-field__input\"\n    id=\"email\"\n    aria-describedby=\"email\"\n    type=\"email\"\n    name=\"fields[email]\"\n    placeholder=\"\"\n    value=\"\"\n        \n    \n    \n    required\n    \n    \n>\n\n\n    \n    \n<\/div>\n\n         \n          \n          <div class=\"breakdance-form-field breakdance-form-field--tel\" >\n    \n            <label class=\"breakdance-form-field__label\" for=\"vqxllt\">\n            Telefon<span class=\"breakdance-form-field__required\">*<\/span><\/span>\n        <\/label>\n    \n    <input\n    class=\"breakdance-form-field__input\"\n    id=\"vqxllt\"\n    aria-describedby=\"vqxllt\"\n    type=\"tel\"\n    name=\"fields[vqxllt]\"\n    placeholder=\"\"\n    value=\"\"\n        \n    \n    \n    required\n    \n    \n>\n\n\n    \n    \n<\/div>\n\n         \n          \n          <div class=\"breakdance-form-field breakdance-form-field--textarea\" >\n    \n            <label class=\"breakdance-form-field__label\" for=\"deyzbg\">\n            Dodatkowe pytania<\/span>\n        <\/label>\n    \n    <textarea\n    class=\"breakdance-form-field__input\"\n    id=\"deyzbg\"\n    aria-describedby=\"deyzbg\"\n    type=\"textarea\"\n    name=\"fields[deyzbg]\"\n        placeholder=\"\"\n    \n    >\n<\/textarea>\n\n\n    \n    \n<\/div>\n\n         \n          \n          <div class=\"breakdance-form-field breakdance-form-field--checkbox\" >\n    \n    \n        <div class=\"breakdance-form-checkbox\">\n        <input\n            type=\"checkbox\"\n            name=\"fields[pfxeqk]\"\n            value=\"Akceptuje &lt;a href=&quot;venomcars.net\/polityka-prywatnosci&quot;&gt; Polityke prywatno\u015bci&lt;a&gt;\"\n            id=\"pfxeqk-1\"\n            \n                    >\n        <label class=\"breakdance-form-checkbox__text\" for=\"pfxeqk-1\">Akceptuje <a href=\"venomcars.net\/polityka-prywatnosci\"> Polityke prywatno\u015bci<a><\/label>\n    <\/div>\n\n\n    \n    \n<\/div>\n\n         \n  \n\n<footer class=\"breakdance-form-field breakdance-form-footer\">\n    \n    \n                                    \n    \n            <button type=\"submit\" class=\"button-atom button-atom--primary breakdance-form-button breakdance-form-button__submit\" >\n    \n        <span class=\"button-atom__text\">Wy\u015blij<\/span>\n\n        \n        \n            <\/button>\n    \n    <input type=\"hidden\" name=\"form_id\" value=\"104\">\n    <input type=\"hidden\" name=\"post_id\" value=\"661\">\n<\/footer>\n\n  \n<\/form>\n\n         \n\n         <\/div><div class=\"bde-rich-text-661-109 bde-rich-text breakdance-rich-text-styles\">\n          \n          <h2> Audi R8 z otwieranym dachem<\/h2>\n<p>Zg\u0142aszaj\u0105cy si\u0119 do nas klienci od razu s\u0105 zachwyceni tym samochodem i znaj\u0105 jego warto\u015b\u0107. Tak naprawd\u0119 nikogo nie trzeba przekonywa\u0107, \u017ce wynajem Audi R8 to dobry pomys\u0142. W naszej wypo\u017cyczalni oferujemy model Spyder V10, kt\u00f3ry ma otwierany dach. Jazda kabrioletem dostarcza wielu wyj\u0105tkowych emocji&nbsp;nie tylko&nbsp;najwi\u0119kszym fanom motoryzacji. To auto doskonale sprawdzi si\u0119 na imprezach okoliczno\u015bciowych, takich jak wesela. Przyci\u0105gnie spojrzenia wszystkich go\u015bci, a zarazem pozwoli parze m\u0142odej zebra\u0107 wyj\u0105tkowe wspomnienia z podr\u00f3\u017cy na ceremoni\u0119 i sal\u0119 zabaw. Cena wynajmu uzale\u017cniona jest od wybranego przez Ciebie terminu.<\/p>\n<h2>Moc silnika Audi R8 Spyder V10<\/h2>\n<p>Kolejnym powodem, dla kt\u00f3rego ten model auta cieszy si\u0119 tak du\u017cym zainteresowaniem, jest silnik&nbsp;V10 i jego dynamiczne osi\u0105gi oraz&nbsp;charakterystyczne brzmienie. Jako wypo\u017cyczalnia Audi R8 cz\u0119sto ws\u0142uchujemy si\u0119 w opinie kierowc\u00f3w, kt\u00f3rzy potwierdzaj\u0105, \u017ce ten samoch\u00f3d z nap\u0119dem na tylne ko\u0142a po prostu \u015bwietnie si\u0119 prowadzi. Zaawansowany system zawieszenia i umiejscowienie silnika w \u015brodku pojazdu sprawiaj\u0105, \u017ce auto&nbsp;wyr\u00f3\u017cnia si\u0119 du\u017c\u0105 przyczepno\u015bci\u0105, stabilno\u015bci\u0105 i \u0142atwo\u015bci\u0105 sterowania. Ze wzgl\u0119du na unikaln\u0105 budow\u0119 Audi R8 sprawdza si\u0119 niezale\u017cnie od panuj\u0105cych warunk\u00f3w drogowych.<\/p>\n<h2>Audi Virtual Cockpit<\/h2>\n<p>Na komfort kierowcy w du\u017cej mierze wp\u0142ywa r\u00f3wnie\u017c innowacyjny system wirtualnego kokpitu. Zast\u0119puje tradycyjne wska\u017aniki. Wy\u015bwietlane s\u0105 na nim wszystkie parametry jazdy i poziom paliwa. W trybie nawigacyjnym mo\u017cna przegl\u0105da\u0107 mapy ze wskaz\u00f3wkami dojazdu do wybranych miejsc. Cena za wynajem Audi R8 z wypo\u017cyczalni obejmuje pe\u0142ny dost\u0119p do kokpitu i funkcji multimedialnych, takich jak obs\u0142ugiwanie po\u0142\u0105cze\u0144 telefonicznych.<\/p>\n<h2>Wypo\u017cyczalnia luksusowych aut<\/h2>\n<p>Czego mo\u017cna spodziewa\u0107 si\u0119 po wn\u0119trzu modelu Spyder V10 oferowanego w naszej wypo\u017cyczalni? To unikalne po\u0142\u0105czenie sportowego charakteru z luksusem. Producent zastosowa\u0142 najlepszej jako\u015bci materia\u0142y i fotele z trzymaniem bocznym, kt\u00f3ry pozwala na lepsz\u0105 stabilizacj\u0119 cia\u0142a w czasie szybkiej jazdy. Pojazd wyposa\u017cono te\u017c w r\u00f3\u017cne tryby o\u015bwietlenia oraz zaawansowane funkcje bezpiecze\u0144stwa, w tym monitorowanie martwego pola i kamer\u0119 cofania.<\/p>\n<p>Poznaj osi\u0105gi i wyposa\u017cenie Audi R8 w praktyce. Skorzystaj z us\u0142ug wypo\u017cyczalni i wynajmij je w korzystnej cenie, na wybrany przez siebie okres. Nie wymagamy wp\u0142acania kaucji. Po wcze\u015bniejszym uzgodnieniu mo\u017cesz porusza\u0107 si\u0119 autem r\u00f3wnie\u017c poza granicami kraju.&nbsp;Ostateczna&nbsp;cena wynajmu zale\u017cy od wybranych przez Ciebie opcji i terminu u\u017cytkowania pojazdu.<\/p>\n         <\/div><\/div>\n         <\/section>","protected":false},"excerpt":{"rendered":"","protected":false},"author":4,"featured_media":0,"parent":0,"menu_order":0,"comment_status":"closed","ping_status":"closed","template":"","meta":{"inline_featured_image":false,"_breakdance_hide_in_design_set":false,"_breakdance_tags":"","footnotes":""},"class_list":["post-661","page","type-page","status-publish","hentry"],"yoast_head":"<!-- This site is optimized with the Yoast SEO plugin v27.4 - https:\/\/yoast.com\/product\/yoast-seo-wordpress\/ -->\n<title>Audi R8 wynajem, wypo\u017cyczalnia Audi R8\u2013 Venom Cars<\/title>\n<meta name=\"robots\" content=\"index, follow, max-snippet:-1, max-image-preview:large, max-video-preview:-1\" \/>\n<link rel=\"canonical\" href=\"https:\/\/venomcars.pl\/?page_id=661\" \/>\n<meta property=\"og:locale\" content=\"pl_PL\" \/>\n<meta property=\"og:type\" content=\"article\" \/>\n<meta property=\"og:title\" content=\"Audi R8 wynajem, wypo\u017cyczalnia Audi R8\u2013 Venom Cars\" \/>\n<meta property=\"og:url\" content=\"https:\/\/venomcars.pl\/?page_id=661\" \/>\n<meta property=\"og:site_name\" content=\"Venomcars\" \/>\n<meta property=\"article:publisher\" content=\"https:\/\/www.facebook.com\/Venom-Cars-Wypoyczalnia-samochodw-107974788811594?locale=pl_PL\" \/>\n<meta property=\"article:modified_time\" content=\"2024-05-14T11:27:45+00:00\" \/>\n<meta name=\"twitter:card\" content=\"summary_large_image\" \/>\n<meta name=\"twitter:label1\" content=\"Szacowany czas czytania\" \/>\n\t<meta name=\"twitter:data1\" content=\"3 minuty\" \/>\n<script type=\"application\/ld+json\" class=\"yoast-schema-graph\">{\"@context\":\"https:\\\/\\\/schema.org\",\"@graph\":[{\"@type\":\"WebPage\",\"@id\":\"https:\\\/\\\/venomcars.pl\\\/?page_id=661\",\"url\":\"https:\\\/\\\/venomcars.pl\\\/?page_id=661\",\"name\":\"Audi R8 wynajem, wypo\u017cyczalnia Audi R8\u2013 Venom Cars\",\"isPartOf\":{\"@id\":\"https:\\\/\\\/venomcars.pl\\\/#website\"},\"datePublished\":\"2023-12-20T09:03:19+00:00\",\"dateModified\":\"2024-05-14T11:27:45+00:00\",\"breadcrumb\":{\"@id\":\"https:\\\/\\\/venomcars.pl\\\/?page_id=661#breadcrumb\"},\"inLanguage\":\"pl-PL\",\"potentialAction\":[{\"@type\":\"ReadAction\",\"target\":[\"https:\\\/\\\/venomcars.pl\\\/?page_id=661\"]}]},{\"@type\":\"BreadcrumbList\",\"@id\":\"https:\\\/\\\/venomcars.pl\\\/?page_id=661#breadcrumb\",\"itemListElement\":[{\"@type\":\"ListItem\",\"position\":1,\"name\":\"Strona g\u0142\u00f3wna\",\"item\":\"https:\\\/\\\/venomcars.pl\\\/\"},{\"@type\":\"ListItem\",\"position\":2,\"name\":\"Wynajem Audi R8\"}]},{\"@type\":\"WebSite\",\"@id\":\"https:\\\/\\\/venomcars.pl\\\/#website\",\"url\":\"https:\\\/\\\/venomcars.pl\\\/\",\"name\":\"Venom Cars\",\"description\":\"\",\"publisher\":{\"@id\":\"https:\\\/\\\/venomcars.pl\\\/#organization\"},\"potentialAction\":[{\"@type\":\"SearchAction\",\"target\":{\"@type\":\"EntryPoint\",\"urlTemplate\":\"https:\\\/\\\/venomcars.pl\\\/?s={search_term_string}\"},\"query-input\":{\"@type\":\"PropertyValueSpecification\",\"valueRequired\":true,\"valueName\":\"search_term_string\"}}],\"inLanguage\":\"pl-PL\"},{\"@type\":\"Organization\",\"@id\":\"https:\\\/\\\/venomcars.pl\\\/#organization\",\"name\":\"Venom Cars\",\"url\":\"https:\\\/\\\/venomcars.pl\\\/\",\"logo\":{\"@type\":\"ImageObject\",\"inLanguage\":\"pl-PL\",\"@id\":\"https:\\\/\\\/venomcars.pl\\\/#\\\/schema\\\/logo\\\/image\\\/\",\"url\":\"https:\\\/\\\/venomcars.pl\\\/wp-content\\\/uploads\\\/venom-cars-black-logo.jpg\",\"contentUrl\":\"https:\\\/\\\/venomcars.pl\\\/wp-content\\\/uploads\\\/venom-cars-black-logo.jpg\",\"width\":640,\"height\":379,\"caption\":\"Venom Cars\"},\"image\":{\"@id\":\"https:\\\/\\\/venomcars.pl\\\/#\\\/schema\\\/logo\\\/image\\\/\"},\"sameAs\":[\"https:\\\/\\\/www.facebook.com\\\/Venom-Cars-Wypoyczalnia-samochodw-107974788811594?locale=pl_PL\",\"https:\\\/\\\/www.instagram.com\\\/venom_cars_wypozyczalnia\\\/\",\"https:\\\/\\\/www.tiktok.com\\\/@venom_cars_wypozyczalnia\"]}]}<\/script>\n<!-- \/ Yoast SEO plugin. -->","yoast_head_json":{"title":"Audi R8 wynajem, wypo\u017cyczalnia Audi R8\u2013 Venom Cars","robots":{"index":"index","follow":"follow","max-snippet":"max-snippet:-1","max-image-preview":"max-image-preview:large","max-video-preview":"max-video-preview:-1"},"canonical":"https:\/\/venomcars.pl\/?page_id=661","og_locale":"pl_PL","og_type":"article","og_title":"Audi R8 wynajem, wypo\u017cyczalnia Audi R8\u2013 Venom Cars","og_url":"https:\/\/venomcars.pl\/?page_id=661","og_site_name":"Venomcars","article_publisher":"https:\/\/www.facebook.com\/Venom-Cars-Wypoyczalnia-samochodw-107974788811594?locale=pl_PL","article_modified_time":"2024-05-14T11:27:45+00:00","twitter_card":"summary_large_image","twitter_misc":{"Szacowany czas czytania":"3 minuty"},"schema":{"@context":"https:\/\/schema.org","@graph":[{"@type":"WebPage","@id":"https:\/\/venomcars.pl\/?page_id=661","url":"https:\/\/venomcars.pl\/?page_id=661","name":"Audi R8 wynajem, wypo\u017cyczalnia Audi R8\u2013 Venom Cars","isPartOf":{"@id":"https:\/\/venomcars.pl\/#website"},"datePublished":"2023-12-20T09:03:19+00:00","dateModified":"2024-05-14T11:27:45+00:00","breadcrumb":{"@id":"https:\/\/venomcars.pl\/?page_id=661#breadcrumb"},"inLanguage":"pl-PL","potentialAction":[{"@type":"ReadAction","target":["https:\/\/venomcars.pl\/?page_id=661"]}]},{"@type":"BreadcrumbList","@id":"https:\/\/venomcars.pl\/?page_id=661#breadcrumb","itemListElement":[{"@type":"ListItem","position":1,"name":"Strona g\u0142\u00f3wna","item":"https:\/\/venomcars.pl\/"},{"@type":"ListItem","position":2,"name":"Wynajem Audi R8"}]},{"@type":"WebSite","@id":"https:\/\/venomcars.pl\/#website","url":"https:\/\/venomcars.pl\/","name":"Venom Cars","description":"","publisher":{"@id":"https:\/\/venomcars.pl\/#organization"},"potentialAction":[{"@type":"SearchAction","target":{"@type":"EntryPoint","urlTemplate":"https:\/\/venomcars.pl\/?s={search_term_string}"},"query-input":{"@type":"PropertyValueSpecification","valueRequired":true,"valueName":"search_term_string"}}],"inLanguage":"pl-PL"},{"@type":"Organization","@id":"https:\/\/venomcars.pl\/#organization","name":"Venom Cars","url":"https:\/\/venomcars.pl\/","logo":{"@type":"ImageObject","inLanguage":"pl-PL","@id":"https:\/\/venomcars.pl\/#\/schema\/logo\/image\/","url":"https:\/\/venomcars.pl\/wp-content\/uploads\/venom-cars-black-logo.jpg","contentUrl":"https:\/\/venomcars.pl\/wp-content\/uploads\/venom-cars-black-logo.jpg","width":640,"height":379,"caption":"Venom Cars"},"image":{"@id":"https:\/\/venomcars.pl\/#\/schema\/logo\/image\/"},"sameAs":["https:\/\/www.facebook.com\/Venom-Cars-Wypoyczalnia-samochodw-107974788811594?locale=pl_PL","https:\/\/www.instagram.com\/venom_cars_wypozyczalnia\/","https:\/\/www.tiktok.com\/@venom_cars_wypozyczalnia"]}]}},"_links":{"self":[{"href":"https:\/\/venomcars.pl\/index.php?rest_route=\/wp\/v2\/pages\/661","targetHints":{"allow":["GET"]}}],"collection":[{"href":"https:\/\/venomcars.pl\/index.php?rest_route=\/wp\/v2\/pages"}],"about":[{"href":"https:\/\/venomcars.pl\/index.php?rest_route=\/wp\/v2\/types\/page"}],"author":[{"embeddable":true,"href":"https:\/\/venomcars.pl\/index.php?rest_route=\/wp\/v2\/users\/4"}],"replies":[{"embeddable":true,"href":"https:\/\/venomcars.pl\/index.php?rest_route=%2Fwp%2Fv2%2Fcomments&post=661"}],"version-history":[{"count":11,"href":"https:\/\/venomcars.pl\/index.php?rest_route=\/wp\/v2\/pages\/661\/revisions"}],"predecessor-version":[{"id":808,"href":"https:\/\/venomcars.pl\/index.php?rest_route=\/wp\/v2\/pages\/661\/revisions\/808"}],"wp:attachment":[{"href":"https:\/\/venomcars.pl\/index.php?rest_route=%2Fwp%2Fv2%2Fmedia&parent=661"}],"curies":[{"name":"wp","href":"https:\/\/api.w.org\/{rel}","templated":true}]}}