{"id":665,"date":"2023-12-20T09:03:55","date_gmt":"2023-12-20T09:03:55","guid":{"rendered":"https:\/\/venomcars.pl\/?page_id=665"},"modified":"2024-05-14T11:30:56","modified_gmt":"2024-05-14T11:30:56","slug":"wynajem-mercedes-c180","status":"publish","type":"page","link":"https:\/\/venomcars.pl\/?page_id=665","title":{"rendered":"Wynajem Mercedes C180"},"content":{"rendered":"<section class=\"bde-section-665-100 bde-section\">\n          \n          \n  \n\t\n\n\n\n<div class=\"section-container\"><div class=\"bde-div-665-103 bde-div\">\n          \n          \n  \n\t\n\n\n\n<h1 class=\"bde-heading-665-101 bde-heading\">\n          \n          Wynajem Mercedes C180\n         <\/h1><div class=\"bde-image-665-105 bde-image sem-img\">\n          \n           \n\n\n\n\n\n<figure class=\"breakdance-image breakdance-image--627\">\n\t<div class=\"breakdance-image-container\">\n\t\t<div class=\"breakdance-image-clip\">\n\t\t\t\n\t\t\t\t\n\t\t\t\t\t      \n  \n  \n  \n  \n      \n      <img decoding=\"async\"\n      class=\"breakdance-image-object\"\n      src=\"https:\/\/venomcars.pl\/wp-content\/uploads\/IMG_7610-scaled.jpg\"\n      width=\"2560\"\n      height=\"1707\"\n      alt=\"Wypo\u017cyczalnia Mercedes C180 \u2013 Venom Cars\"\n      loading=\"lazy\"\n              srcset=\"https:\/\/venomcars.pl\/wp-content\/uploads\/IMG_7610-scaled.jpg 2560w, https:\/\/venomcars.pl\/wp-content\/uploads\/IMG_7610-300x200.jpg 300w, https:\/\/venomcars.pl\/wp-content\/uploads\/IMG_7610-1024x683.jpg 1024w, https:\/\/venomcars.pl\/wp-content\/uploads\/IMG_7610-768x512.jpg 768w, https:\/\/venomcars.pl\/wp-content\/uploads\/IMG_7610-1536x1024.jpg 1536w, https:\/\/venomcars.pl\/wp-content\/uploads\/IMG_7610-2048x1365.jpg 2048w\"\n              sizes=\"auto, (max-width: 2560px) 100vw, 2560px\"\n          >\n  \n\n\t\t\t\t\t\n\t\t\t\t\t\t<\/div>\n\t<\/div>\n\n\t<\/figure>\n\n         <\/div>\n         <\/div><div class=\"bde-rich-text-665-106 bde-rich-text breakdance-rich-text-styles\">\n          \n          <p>Niemieccy producenci aut przyzwyczaili nas do tego, \u017ce maszyny wychodz\u0105ce spod ich \u201eig\u0142y\u201d s\u0105 nie tylko pi\u0119kne i komfortowe, ale cz\u0119sto maj\u0105 w sobie sporo drapie\u017cno\u015bci. Jednym z lider\u00f3w w\u015br\u00f3d koncern\u00f3w samochodowych, kt\u00f3rzy\u00a0wykazuj\u0105 przywi\u0105zanie do tej filozofii, jest audi. Prezentowane RS3 na wynajem w wypo\u017cyczalni\u00a0Venom Cars za\u015b nale\u017cy do pojazd\u00f3w budz\u0105cych respekt sam\u0105 lini\u0105.<\/p>\n         <\/div><div class=\"bde-form-builder-665-102 bde-form-builder\">\n          \n          \n          \n          \n<form id=\"contact-form102\" class=\"breakdance-form breakdance-form--vertical \" data-options=\"{&quot;slug&quot;:&quot;custom&quot;,&quot;name&quot;:&quot;Contact Form&quot;,&quot;ajaxUrl&quot;:&quot;https:\\\/\\\/venomcars.pl\\\/wp-admin\\\/admin-ajax.php&quot;,&quot;clearOnSuccess&quot;:true,&quot;hideOnSuccess&quot;:false,&quot;successMessage&quot;:&quot;Twoja rezerwacja zosta\\u0142a wys\\u0142ana, niebawem si\\u0119 odezwiemy w celu potwierdzenia.&quot;,&quot;errorMessage&quot;:&quot;Co\\u015b posz\\u0142o nie tak&quot;,&quot;redirect&quot;:false,&quot;redirectUrl&quot;:null,&quot;customJavaScript&quot;:null,&quot;recaptcha&quot;:{&quot;key&quot;:&quot;6Lc_sK0kAAAAALs3BcvlDZlemsAblS1EltmsjQmm&quot;,&quot;enabled&quot;:true},&quot;honeypot_enabled&quot;:false,&quot;popupsOnSuccess&quot;:[],&quot;popupsOnError&quot;:[]}\" data-steps=\"0\" >\n  \n  \n  \n          \n          <div class=\"breakdance-form-field breakdance-form-field--select\" >\n    \n            <label class=\"breakdance-form-field__label\" for=\"zyadwo\">\n            Wybierz pojazd<span class=\"breakdance-form-field__required\">*<\/span><\/span>\n        <\/label>\n    \n    <select\n    class=\"breakdance-form-field__input\"\n    id=\"zyadwo\"\n    name=\"fields[zyadwo]\"\n    required\n    \n        >\n      <option value=\"\">Select...<\/option>\n          <option value=\"Mercedes C180\" selected>Mercedes C180<\/option>\n  <\/select>\n\n\n    \n    \n<\/div>\n\n         \n          \n          <div class=\"breakdance-form-field breakdance-form-field--date\" >\n    \n            <label class=\"breakdance-form-field__label\" for=\"wspecr\">\n            Data odbioru<span class=\"breakdance-form-field__required\">*<\/span><\/span>\n        <\/label>\n    \n    <input\n    class=\"breakdance-form-field__input\"\n    id=\"wspecr\"\n    aria-describedby=\"wspecr\"\n    type=\"date\"\n    name=\"fields[wspecr]\"\n    placeholder=\"\"\n    value=\"\"\n        \n    \n    \n    required\n    \n    \n>\n\n\n    \n    \n<\/div>\n\n         \n          \n          <div class=\"breakdance-form-field breakdance-form-field--date\" >\n    \n            <label class=\"breakdance-form-field__label\" for=\"uheojv\">\n            Data oddania<span class=\"breakdance-form-field__required\">*<\/span><\/span>\n        <\/label>\n    \n    <input\n    class=\"breakdance-form-field__input\"\n    id=\"uheojv\"\n    aria-describedby=\"uheojv\"\n    type=\"date\"\n    name=\"fields[uheojv]\"\n    placeholder=\"\"\n    value=\"\"\n        \n    \n    \n    required\n    \n    \n>\n\n\n    \n    \n<\/div>\n\n         \n          \n          <div class=\"breakdance-form-field breakdance-form-field--checkbox\" >\n    \n    \n        <div class=\"breakdance-form-checkbox\">\n        <input\n            type=\"checkbox\"\n            name=\"fields[mlsfeq]\"\n            value=\"Mam kod promocyjny\"\n            id=\"mlsfeq-1\"\n            \n                    >\n        <label class=\"breakdance-form-checkbox__text\" for=\"mlsfeq-1\">Mam kod promocyjny<\/label>\n    <\/div>\n\n\n    \n    \n<\/div>\n\n         \n          \n          <div class=\"breakdance-form-field breakdance-form-field--text\" >\n    \n    \n    <input\n    class=\"breakdance-form-field__input\"\n    id=\"iqkrtg\"\n    aria-describedby=\"iqkrtg\"\n    type=\"text\"\n    name=\"fields[iqkrtg]\"\n    placeholder=\"Wpisz sw\u00f3j kod\"\n    value=\"\"\n          data-conditional-field-id=\"mlsfeq\"\n              data-conditional-value=\"\"\n            data-conditional-operand=\"is set\"\n        \n    \n    \n    \n    \n    \n>\n\n\n    \n    \n<\/div>\n\n         \n          \n          <div class=\"breakdance-form-field breakdance-form-field--text\" >\n    \n            <label class=\"breakdance-form-field__label\" for=\"name\">\n            Imi\u0119<span class=\"breakdance-form-field__required\">*<\/span><\/span>\n        <\/label>\n    \n    <input\n    class=\"breakdance-form-field__input\"\n    id=\"name\"\n    aria-describedby=\"name\"\n    type=\"text\"\n    name=\"fields[name]\"\n    placeholder=\"\"\n    value=\"\"\n        \n    \n    \n    required\n    \n    \n>\n\n\n    \n    \n<\/div>\n\n         \n          \n          <div class=\"breakdance-form-field breakdance-form-field--text\" >\n    \n            <label class=\"breakdance-form-field__label\" for=\"obgoee\">\n            Nazwisko<span class=\"breakdance-form-field__required\">*<\/span><\/span>\n        <\/label>\n    \n    <input\n    class=\"breakdance-form-field__input\"\n    id=\"obgoee\"\n    aria-describedby=\"obgoee\"\n    type=\"text\"\n    name=\"fields[obgoee]\"\n    placeholder=\"\"\n    value=\"\"\n        \n    \n    \n    required\n    \n    \n>\n\n\n    \n    \n<\/div>\n\n         \n          \n          <div class=\"breakdance-form-field breakdance-form-field--email\" >\n    \n            <label class=\"breakdance-form-field__label\" for=\"email\">\n            Email<span class=\"breakdance-form-field__required\">*<\/span><\/span>\n        <\/label>\n    \n    <input\n    class=\"breakdance-form-field__input\"\n    id=\"email\"\n    aria-describedby=\"email\"\n    type=\"email\"\n    name=\"fields[email]\"\n    placeholder=\"\"\n    value=\"\"\n        \n    \n    \n    required\n    \n    \n>\n\n\n    \n    \n<\/div>\n\n         \n          \n          <div class=\"breakdance-form-field breakdance-form-field--tel\" >\n    \n            <label class=\"breakdance-form-field__label\" for=\"vqxllt\">\n            Telefon<span class=\"breakdance-form-field__required\">*<\/span><\/span>\n        <\/label>\n    \n    <input\n    class=\"breakdance-form-field__input\"\n    id=\"vqxllt\"\n    aria-describedby=\"vqxllt\"\n    type=\"tel\"\n    name=\"fields[vqxllt]\"\n    placeholder=\"\"\n    value=\"\"\n        \n    \n    \n    required\n    \n    \n>\n\n\n    \n    \n<\/div>\n\n         \n          \n          <div class=\"breakdance-form-field breakdance-form-field--textarea\" >\n    \n            <label class=\"breakdance-form-field__label\" for=\"deyzbg\">\n            Dodatkowe pytania<\/span>\n        <\/label>\n    \n    <textarea\n    class=\"breakdance-form-field__input\"\n    id=\"deyzbg\"\n    aria-describedby=\"deyzbg\"\n    type=\"textarea\"\n    name=\"fields[deyzbg]\"\n        placeholder=\"\"\n    \n    >\n<\/textarea>\n\n\n    \n    \n<\/div>\n\n         \n          \n          <div class=\"breakdance-form-field breakdance-form-field--checkbox\" >\n    \n    \n        <div class=\"breakdance-form-checkbox\">\n        <input\n            type=\"checkbox\"\n            name=\"fields[pfxeqk]\"\n            value=\"Akceptuje &lt;a href=&quot;venomcars.net\/polityka-prywatnosci&quot;&gt; Polityke prywatno\u015bci&lt;a&gt;\"\n            id=\"pfxeqk-1\"\n            \n                    >\n        <label class=\"breakdance-form-checkbox__text\" for=\"pfxeqk-1\">Akceptuje <a href=\"venomcars.net\/polityka-prywatnosci\"> Polityke prywatno\u015bci<a><\/label>\n    <\/div>\n\n\n    \n    \n<\/div>\n\n         \n  \n\n<footer class=\"breakdance-form-field breakdance-form-footer\">\n    \n    \n                                    \n    \n            <button type=\"submit\" class=\"button-atom button-atom--primary breakdance-form-button breakdance-form-button__submit\" >\n    \n        <span class=\"button-atom__text\">Wy\u015blij<\/span>\n\n        \n        \n            <\/button>\n    \n    <input type=\"hidden\" name=\"form_id\" value=\"102\">\n    <input type=\"hidden\" name=\"post_id\" value=\"665\">\n<\/footer>\n\n  \n<\/form>\n\n         \n\n         <\/div><div class=\"bde-rich-text-665-107 bde-rich-text breakdance-rich-text-styles\">\n          \n          <p>W designie nie by\u0142o miejsca na&nbsp;ugrzecznienia&nbsp;\u2013 na pierwszy rzut oka wida\u0107, \u017ce to samoch\u00f3d sportowy dla os\u00f3b uwielbiaj\u0105cych&nbsp;pr\u0119dko\u015b\u0107, adrenalin\u0119 i nocne \u017cycie. Jaskrawa, niemal jadowicie zielona barwa dodatkowo podkre\u015bla ten charakter. Chcesz si\u0119 przekona\u0107, jak to jest zasi\u0105\u015b\u0107 za k\u00f3\u0142kiem takiego diab\u0142a? Skorzystaj z naszej oferty wynajmu!<\/p>\n<h2>Audi RS3 \u2013 idealne na najr\u00f3\u017cniejsze okazje<\/h2>\n<p>\u015amia\u0142e wzornictwo to jedna z wielu cech wyr\u00f3\u017cniaj\u0105cych&nbsp;audi RS 3, kt\u00f3re oferuje nasza wypo\u017cyczalnia. Warto jednak wiedzie\u0107 \u2013 potrafi by\u0107 zadziorny! Ale ten, kto odwa\u017cy si\u0119 si\u0105\u015b\u0107 za jego sterami, korzystaj\u0105c np. z wynajmu w Venom Cars, przekona si\u0119, \u017ce b\u0119dzie dla niego bardzo wyrozumia\u0142y i pos\u0142uszny. To troch\u0119 jak z drapie\u017cnym ptakiem \u2013 trzeba si\u0119 z nim u\u0142o\u017cy\u0107 i traktowa\u0107 go z szacunkiem, a wtedy na pewno otworzy si\u0119 przed kierowc\u0105 i zapewni w pe\u0142ni komfortow\u0105 jazd\u0119.<\/p>\n<p>Z tego powodu samoch\u00f3d ten doskonale nadaje si\u0119 na najr\u00f3\u017cniejsze okazje. Cho\u0107 to auto stricte sportowe, to audi RS 3 na wynajem wyj\u0105tkowo dobrze sprawdzi si\u0119 tak\u017ce podczas oficjalnych wydarze\u0144. Nie przesadzimy, je\u015bli powiemy, \u017ce to jedna z chlub naszej wypo\u017cyczalni!<\/p>\n<p>Co powiesz na to, by podjecha\u0107 nim pod ko\u015bci\u00f3\u0142 na \u015blub i p\u00f3\u017aniej pod sal\u0119 weseln\u0105? Czy mo\u017ce zbli\u017caj\u0105 si\u0119 urodziny bliskiej Ci osoby&nbsp;kochaj\u0105cej motoryzacj\u0119 i szukasz atrakcyjnego prezentu dla niej? Przeja\u017cd\u017cka audi RS3, kt\u00f3ra przyjemnie mruczy spod maski 5-cylindrowym silnikiem, na pewno zrobi na niej ogromne wra\u017cenie! Niezale\u017cnie, jakie \u015bwi\u0119to chcesz uczci\u0107 tak\u0105 przygod\u0105 \u2013&nbsp;nasza wypo\u017cyczalnia dostarcza wypasione samochody na rozmaite wydarzenia!<\/p>\n<h2>Czemu akurat warto wybra\u0107 audi RS3?<\/h2>\n<p>Przyjrzyjmy si\u0119 bli\u017cej, na co stawiasz, decyduj\u0105c si\u0119 na wynajem&nbsp;tego modelu. O wyj\u0105tkowo\u015bci sportowego, acz wci\u0105\u017c klasycznie eleganckiego designu,&nbsp;nie musimy Ci\u0119 przekonywa\u0107.&nbsp;Prezencja jednak to nie wszystko. Liczy si\u0119 r\u00f3wnie\u017c serce\u2026 A tym jest 2,5-litrowy silnik TFSI silnik o mocy 400 koni mechanicznych, kt\u00f3ry rozbuja audi RS3 do 100 w oko\u0142o 3,8 sekundy. Zapewnia mu to m.in. RS dynamic plus wraz z nowym systemem launch control. To jeden z najmocniejszych demon\u00f3w pr\u0119dko\u015bci naszej wypo\u017cyczalni, umiej\u0105cy solidnie wbi\u0107 w fotel.<\/p>\n<p>Jak wygl\u0105da jego wn\u0119trze? Czysta, sportowa klasa, zaprojektowana z my\u015bl\u0105 o najwy\u017cszym komforcie i nowoczesnym luksusie. To cecha charakterystyczna dla pojazd\u00f3w tej marki z prezentowanej linii. Panel kierowcy jest intuicyjny i czytelny, a kierownica rewelacyjnie le\u017cy w d\u0142oniach, dzi\u0119ki czemu masz doskona\u0142\u0105 kontrol\u0119 nad maszyn\u0105.<\/p>\n<h2>Postaw na szybki i prosty wynajem samochod\u00f3w sportowych!<\/h2>\n<p>Co zrobi\u0107, by cho\u0107 na pewien czas zdoby\u0107 ten niesamowity samoch\u00f3d? Wystarczy, \u017ce wybierzesz wynajem w wypo\u017cyczalni Venom Cars! Je\u015bli interesuje Ci\u0119 audi RS 3 \u2013&nbsp;skontaktuj si\u0119 z nami w wybrany spos\u00f3b. B\u0119dziemy potrzebowali pewnych Twoich danych do weryfikacji i stworzenia umowy. Gdy dokumenty b\u0119d\u0105 gotowe \u2013 podpisujemy je, rozliczamy si\u0119, a Ty otrzymujesz pojazd ju\u017c na nast\u0119pny dzie\u0144. To takie proste!<\/p>\n         <\/div><\/div>\n         <\/section>","protected":false},"excerpt":{"rendered":"","protected":false},"author":4,"featured_media":0,"parent":0,"menu_order":0,"comment_status":"closed","ping_status":"closed","template":"","meta":{"inline_featured_image":false,"_breakdance_hide_in_design_set":false,"_breakdance_tags":"","footnotes":""},"class_list":["post-665","page","type-page","status-publish","hentry"],"yoast_head":"<!-- This site is optimized with the Yoast SEO plugin v27.4 - https:\/\/yoast.com\/product\/yoast-seo-wordpress\/ -->\n<title>Mercedes C180 wynajem, wypo\u017cyczalnia Mercedes C180 \u2013 Venom Cars<\/title>\n<meta name=\"robots\" content=\"index, follow, max-snippet:-1, max-image-preview:large, max-video-preview:-1\" \/>\n<link rel=\"canonical\" href=\"https:\/\/venomcars.pl\/?page_id=665\" \/>\n<meta property=\"og:locale\" content=\"pl_PL\" \/>\n<meta property=\"og:type\" content=\"article\" \/>\n<meta property=\"og:title\" content=\"Mercedes C180 wynajem, wypo\u017cyczalnia Mercedes C180 \u2013 Venom Cars\" \/>\n<meta property=\"og:url\" content=\"https:\/\/venomcars.pl\/?page_id=665\" \/>\n<meta property=\"og:site_name\" content=\"Venomcars\" \/>\n<meta property=\"article:publisher\" content=\"https:\/\/www.facebook.com\/Venom-Cars-Wypoyczalnia-samochodw-107974788811594?locale=pl_PL\" \/>\n<meta property=\"article:modified_time\" content=\"2024-05-14T11:30:56+00:00\" \/>\n<meta name=\"twitter:card\" content=\"summary_large_image\" \/>\n<meta name=\"twitter:label1\" content=\"Szacowany czas czytania\" \/>\n\t<meta name=\"twitter:data1\" content=\"1 minuta\" \/>\n<script type=\"application\/ld+json\" class=\"yoast-schema-graph\">{\"@context\":\"https:\\\/\\\/schema.org\",\"@graph\":[{\"@type\":\"WebPage\",\"@id\":\"https:\\\/\\\/venomcars.pl\\\/?page_id=665\",\"url\":\"https:\\\/\\\/venomcars.pl\\\/?page_id=665\",\"name\":\"Mercedes C180 wynajem, wypo\u017cyczalnia Mercedes C180 \u2013 Venom Cars\",\"isPartOf\":{\"@id\":\"https:\\\/\\\/venomcars.pl\\\/#website\"},\"datePublished\":\"2023-12-20T09:03:55+00:00\",\"dateModified\":\"2024-05-14T11:30:56+00:00\",\"breadcrumb\":{\"@id\":\"https:\\\/\\\/venomcars.pl\\\/?page_id=665#breadcrumb\"},\"inLanguage\":\"pl-PL\",\"potentialAction\":[{\"@type\":\"ReadAction\",\"target\":[\"https:\\\/\\\/venomcars.pl\\\/?page_id=665\"]}]},{\"@type\":\"BreadcrumbList\",\"@id\":\"https:\\\/\\\/venomcars.pl\\\/?page_id=665#breadcrumb\",\"itemListElement\":[{\"@type\":\"ListItem\",\"position\":1,\"name\":\"Strona g\u0142\u00f3wna\",\"item\":\"https:\\\/\\\/venomcars.pl\\\/\"},{\"@type\":\"ListItem\",\"position\":2,\"name\":\"Wynajem Mercedes C180\"}]},{\"@type\":\"WebSite\",\"@id\":\"https:\\\/\\\/venomcars.pl\\\/#website\",\"url\":\"https:\\\/\\\/venomcars.pl\\\/\",\"name\":\"Venom Cars\",\"description\":\"\",\"publisher\":{\"@id\":\"https:\\\/\\\/venomcars.pl\\\/#organization\"},\"potentialAction\":[{\"@type\":\"SearchAction\",\"target\":{\"@type\":\"EntryPoint\",\"urlTemplate\":\"https:\\\/\\\/venomcars.pl\\\/?s={search_term_string}\"},\"query-input\":{\"@type\":\"PropertyValueSpecification\",\"valueRequired\":true,\"valueName\":\"search_term_string\"}}],\"inLanguage\":\"pl-PL\"},{\"@type\":\"Organization\",\"@id\":\"https:\\\/\\\/venomcars.pl\\\/#organization\",\"name\":\"Venom Cars\",\"url\":\"https:\\\/\\\/venomcars.pl\\\/\",\"logo\":{\"@type\":\"ImageObject\",\"inLanguage\":\"pl-PL\",\"@id\":\"https:\\\/\\\/venomcars.pl\\\/#\\\/schema\\\/logo\\\/image\\\/\",\"url\":\"https:\\\/\\\/venomcars.pl\\\/wp-content\\\/uploads\\\/venom-cars-black-logo.jpg\",\"contentUrl\":\"https:\\\/\\\/venomcars.pl\\\/wp-content\\\/uploads\\\/venom-cars-black-logo.jpg\",\"width\":640,\"height\":379,\"caption\":\"Venom Cars\"},\"image\":{\"@id\":\"https:\\\/\\\/venomcars.pl\\\/#\\\/schema\\\/logo\\\/image\\\/\"},\"sameAs\":[\"https:\\\/\\\/www.facebook.com\\\/Venom-Cars-Wypoyczalnia-samochodw-107974788811594?locale=pl_PL\",\"https:\\\/\\\/www.instagram.com\\\/venom_cars_wypozyczalnia\\\/\",\"https:\\\/\\\/www.tiktok.com\\\/@venom_cars_wypozyczalnia\"]}]}<\/script>\n<!-- \/ Yoast SEO plugin. -->","yoast_head_json":{"title":"Mercedes C180 wynajem, wypo\u017cyczalnia Mercedes C180 \u2013 Venom Cars","robots":{"index":"index","follow":"follow","max-snippet":"max-snippet:-1","max-image-preview":"max-image-preview:large","max-video-preview":"max-video-preview:-1"},"canonical":"https:\/\/venomcars.pl\/?page_id=665","og_locale":"pl_PL","og_type":"article","og_title":"Mercedes C180 wynajem, wypo\u017cyczalnia Mercedes C180 \u2013 Venom Cars","og_url":"https:\/\/venomcars.pl\/?page_id=665","og_site_name":"Venomcars","article_publisher":"https:\/\/www.facebook.com\/Venom-Cars-Wypoyczalnia-samochodw-107974788811594?locale=pl_PL","article_modified_time":"2024-05-14T11:30:56+00:00","twitter_card":"summary_large_image","twitter_misc":{"Szacowany czas czytania":"1 minuta"},"schema":{"@context":"https:\/\/schema.org","@graph":[{"@type":"WebPage","@id":"https:\/\/venomcars.pl\/?page_id=665","url":"https:\/\/venomcars.pl\/?page_id=665","name":"Mercedes C180 wynajem, wypo\u017cyczalnia Mercedes C180 \u2013 Venom Cars","isPartOf":{"@id":"https:\/\/venomcars.pl\/#website"},"datePublished":"2023-12-20T09:03:55+00:00","dateModified":"2024-05-14T11:30:56+00:00","breadcrumb":{"@id":"https:\/\/venomcars.pl\/?page_id=665#breadcrumb"},"inLanguage":"pl-PL","potentialAction":[{"@type":"ReadAction","target":["https:\/\/venomcars.pl\/?page_id=665"]}]},{"@type":"BreadcrumbList","@id":"https:\/\/venomcars.pl\/?page_id=665#breadcrumb","itemListElement":[{"@type":"ListItem","position":1,"name":"Strona g\u0142\u00f3wna","item":"https:\/\/venomcars.pl\/"},{"@type":"ListItem","position":2,"name":"Wynajem Mercedes C180"}]},{"@type":"WebSite","@id":"https:\/\/venomcars.pl\/#website","url":"https:\/\/venomcars.pl\/","name":"Venom Cars","description":"","publisher":{"@id":"https:\/\/venomcars.pl\/#organization"},"potentialAction":[{"@type":"SearchAction","target":{"@type":"EntryPoint","urlTemplate":"https:\/\/venomcars.pl\/?s={search_term_string}"},"query-input":{"@type":"PropertyValueSpecification","valueRequired":true,"valueName":"search_term_string"}}],"inLanguage":"pl-PL"},{"@type":"Organization","@id":"https:\/\/venomcars.pl\/#organization","name":"Venom Cars","url":"https:\/\/venomcars.pl\/","logo":{"@type":"ImageObject","inLanguage":"pl-PL","@id":"https:\/\/venomcars.pl\/#\/schema\/logo\/image\/","url":"https:\/\/venomcars.pl\/wp-content\/uploads\/venom-cars-black-logo.jpg","contentUrl":"https:\/\/venomcars.pl\/wp-content\/uploads\/venom-cars-black-logo.jpg","width":640,"height":379,"caption":"Venom Cars"},"image":{"@id":"https:\/\/venomcars.pl\/#\/schema\/logo\/image\/"},"sameAs":["https:\/\/www.facebook.com\/Venom-Cars-Wypoyczalnia-samochodw-107974788811594?locale=pl_PL","https:\/\/www.instagram.com\/venom_cars_wypozyczalnia\/","https:\/\/www.tiktok.com\/@venom_cars_wypozyczalnia"]}]}},"_links":{"self":[{"href":"https:\/\/venomcars.pl\/index.php?rest_route=\/wp\/v2\/pages\/665","targetHints":{"allow":["GET"]}}],"collection":[{"href":"https:\/\/venomcars.pl\/index.php?rest_route=\/wp\/v2\/pages"}],"about":[{"href":"https:\/\/venomcars.pl\/index.php?rest_route=\/wp\/v2\/types\/page"}],"author":[{"embeddable":true,"href":"https:\/\/venomcars.pl\/index.php?rest_route=\/wp\/v2\/users\/4"}],"replies":[{"embeddable":true,"href":"https:\/\/venomcars.pl\/index.php?rest_route=%2Fwp%2Fv2%2Fcomments&post=665"}],"version-history":[{"count":6,"href":"https:\/\/venomcars.pl\/index.php?rest_route=\/wp\/v2\/pages\/665\/revisions"}],"predecessor-version":[{"id":813,"href":"https:\/\/venomcars.pl\/index.php?rest_route=\/wp\/v2\/pages\/665\/revisions\/813"}],"wp:attachment":[{"href":"https:\/\/venomcars.pl\/index.php?rest_route=%2Fwp%2Fv2%2Fmedia&parent=665"}],"curies":[{"name":"wp","href":"https:\/\/api.w.org\/{rel}","templated":true}]}}