{"id":673,"date":"2023-12-20T09:04:50","date_gmt":"2023-12-20T09:04:50","guid":{"rendered":"https:\/\/venomcars.pl\/?page_id=673"},"modified":"2024-05-14T11:30:34","modified_gmt":"2024-05-14T11:30:34","slug":"wynajem-bmw-m4","status":"publish","type":"page","link":"https:\/\/venomcars.pl\/?page_id=673","title":{"rendered":"Wynajem BMW M4"},"content":{"rendered":"<section class=\"bde-section-673-100 bde-section\">\n          \n          \n  \n\t\n\n\n\n<div class=\"section-container\"><div class=\"bde-div-673-103 bde-div\">\n          \n          \n  \n\t\n\n\n\n<h1 class=\"bde-heading-673-101 bde-heading\">\n          \n          Wynajem BMW M4\n         <\/h1><div class=\"bde-image-673-105 bde-image sem-img\">\n          \n           \n\n\n\n\n\n<figure class=\"breakdance-image breakdance-image--581\">\n\t<div class=\"breakdance-image-container\">\n\t\t<div class=\"breakdance-image-clip\">\n\t\t\t\n\t\t\t\t\n\t\t\t\t\t      \n  \n  \n  \n  \n      \n      <img decoding=\"async\"\n      class=\"breakdance-image-object\"\n      src=\"https:\/\/venomcars.pl\/wp-content\/uploads\/BMW-M4-Venomcars.webp\"\n      width=\"1000\"\n      height=\"667\"\n      alt=\"Wypo\u017cyczalnia BMW M4 \u2013 Venom Cars\"\n      loading=\"lazy\"\n              srcset=\"https:\/\/venomcars.pl\/wp-content\/uploads\/BMW-M4-Venomcars.webp 1000w, https:\/\/venomcars.pl\/wp-content\/uploads\/BMW-M4-Venomcars-300x200.webp 300w, https:\/\/venomcars.pl\/wp-content\/uploads\/BMW-M4-Venomcars-768x512.webp 768w\"\n              sizes=\"auto, (max-width: 1000px) 100vw, 1000px\"\n          >\n  \n\n\t\t\t\t\t\n\t\t\t\t\t\t<\/div>\n\t<\/div>\n\n\t<\/figure>\n\n         <\/div>\n         <\/div><div class=\"bde-rich-text-673-106 bde-rich-text breakdance-rich-text-styles\">\n          \n          <p>Monachijski koncern samochodowy zaskakiwa\u0142 niejednym. Tym razem projektanci postawili na pewn\u0105 zmian\u0119 designu. Prezentowane auto&nbsp;bez w\u0105tpienia jest agresywne&nbsp;i sportowe, jednak wci\u0105\u017c pe\u0142ne&nbsp;klasy, cho\u0107 w zdecydowanie bardziej nowoczesnym wydaniu.&nbsp;BMW M4, kt\u00f3rego wynajem&nbsp;oferuje&nbsp;wypo\u017cyczalnia&nbsp;Venom Cars, to samoch\u00f3d wyj\u0105tkowy pod wieloma wzgl\u0119dami. Cechuje si\u0119 mniej typowym dla \u201ebeemek\u201d wzornictwem, ale wci\u0105\u017c&nbsp; zachwyca i budzi respekt, szczeg\u00f3lnie w\u015br\u00f3d fan\u00f3w motoryzacji sportowej. Chcesz dowiedzie\u0107 si\u0119 o nim wi\u0119cej oraz pozna\u0107 spos\u00f3b, jak zasi\u0105\u015b\u0107 za jego sterami? Zach\u0119camy do zapoznania si\u0119 z ofert\u0105!<\/p>\n         <\/div><div class=\"bde-form-builder-673-102 bde-form-builder\">\n          \n          \n          \n          \n<form id=\"contact-form102\" class=\"breakdance-form breakdance-form--vertical \" data-options=\"{&quot;slug&quot;:&quot;custom&quot;,&quot;name&quot;:&quot;Contact Form&quot;,&quot;ajaxUrl&quot;:&quot;https:\\\/\\\/venomcars.pl\\\/wp-admin\\\/admin-ajax.php&quot;,&quot;clearOnSuccess&quot;:true,&quot;hideOnSuccess&quot;:false,&quot;successMessage&quot;:&quot;Twoja rezerwacja zosta\\u0142a wys\\u0142ana, niebawem si\\u0119 odezwiemy w celu potwierdzenia.&quot;,&quot;errorMessage&quot;:&quot;Co\\u015b posz\\u0142o nie tak&quot;,&quot;redirect&quot;:false,&quot;redirectUrl&quot;:null,&quot;customJavaScript&quot;:null,&quot;recaptcha&quot;:{&quot;key&quot;:&quot;6Lc_sK0kAAAAALs3BcvlDZlemsAblS1EltmsjQmm&quot;,&quot;enabled&quot;:true},&quot;honeypot_enabled&quot;:false,&quot;popupsOnSuccess&quot;:[],&quot;popupsOnError&quot;:[]}\" data-steps=\"0\" >\n  \n  \n  \n          \n          <div class=\"breakdance-form-field breakdance-form-field--select\" >\n    \n            <label class=\"breakdance-form-field__label\" for=\"zyadwo\">\n            Wybierz pojazd<span class=\"breakdance-form-field__required\">*<\/span><\/span>\n        <\/label>\n    \n    <select\n    class=\"breakdance-form-field__input\"\n    id=\"zyadwo\"\n    name=\"fields[zyadwo]\"\n    required\n    \n        >\n      <option value=\"\">Select...<\/option>\n          <option value=\"BMW M4 Competition\" selected>BMW M4 Competition<\/option>\n  <\/select>\n\n\n    \n    \n<\/div>\n\n         \n          \n          <div class=\"breakdance-form-field breakdance-form-field--date\" >\n    \n            <label class=\"breakdance-form-field__label\" for=\"wspecr\">\n            Data odbioru<span class=\"breakdance-form-field__required\">*<\/span><\/span>\n        <\/label>\n    \n    <input\n    class=\"breakdance-form-field__input\"\n    id=\"wspecr\"\n    aria-describedby=\"wspecr\"\n    type=\"date\"\n    name=\"fields[wspecr]\"\n    placeholder=\"\"\n    value=\"\"\n        \n    \n    \n    required\n    \n    \n>\n\n\n    \n    \n<\/div>\n\n         \n          \n          <div class=\"breakdance-form-field breakdance-form-field--date\" >\n    \n            <label class=\"breakdance-form-field__label\" for=\"uheojv\">\n            Data oddania<span class=\"breakdance-form-field__required\">*<\/span><\/span>\n        <\/label>\n    \n    <input\n    class=\"breakdance-form-field__input\"\n    id=\"uheojv\"\n    aria-describedby=\"uheojv\"\n    type=\"date\"\n    name=\"fields[uheojv]\"\n    placeholder=\"\"\n    value=\"\"\n        \n    \n    \n    required\n    \n    \n>\n\n\n    \n    \n<\/div>\n\n         \n          \n          <div class=\"breakdance-form-field breakdance-form-field--checkbox\" >\n    \n    \n        <div class=\"breakdance-form-checkbox\">\n        <input\n            type=\"checkbox\"\n            name=\"fields[mlsfeq]\"\n            value=\"Mam kod promocyjny\"\n            id=\"mlsfeq-1\"\n            \n                    >\n        <label class=\"breakdance-form-checkbox__text\" for=\"mlsfeq-1\">Mam kod promocyjny<\/label>\n    <\/div>\n\n\n    \n    \n<\/div>\n\n         \n          \n          <div class=\"breakdance-form-field breakdance-form-field--text\" >\n    \n    \n    <input\n    class=\"breakdance-form-field__input\"\n    id=\"iqkrtg\"\n    aria-describedby=\"iqkrtg\"\n    type=\"text\"\n    name=\"fields[iqkrtg]\"\n    placeholder=\"Wpisz sw\u00f3j kod\"\n    value=\"\"\n          data-conditional-field-id=\"mlsfeq\"\n              data-conditional-value=\"\"\n            data-conditional-operand=\"is set\"\n        \n    \n    \n    \n    \n    \n>\n\n\n    \n    \n<\/div>\n\n         \n          \n          <div class=\"breakdance-form-field breakdance-form-field--text\" >\n    \n            <label class=\"breakdance-form-field__label\" for=\"name\">\n            Imi\u0119<span class=\"breakdance-form-field__required\">*<\/span><\/span>\n        <\/label>\n    \n    <input\n    class=\"breakdance-form-field__input\"\n    id=\"name\"\n    aria-describedby=\"name\"\n    type=\"text\"\n    name=\"fields[name]\"\n    placeholder=\"\"\n    value=\"\"\n        \n    \n    \n    required\n    \n    \n>\n\n\n    \n    \n<\/div>\n\n         \n          \n          <div class=\"breakdance-form-field breakdance-form-field--text\" >\n    \n            <label class=\"breakdance-form-field__label\" for=\"obgoee\">\n            Nazwisko<span class=\"breakdance-form-field__required\">*<\/span><\/span>\n        <\/label>\n    \n    <input\n    class=\"breakdance-form-field__input\"\n    id=\"obgoee\"\n    aria-describedby=\"obgoee\"\n    type=\"text\"\n    name=\"fields[obgoee]\"\n    placeholder=\"\"\n    value=\"\"\n        \n    \n    \n    required\n    \n    \n>\n\n\n    \n    \n<\/div>\n\n         \n          \n          <div class=\"breakdance-form-field breakdance-form-field--email\" >\n    \n            <label class=\"breakdance-form-field__label\" for=\"email\">\n            Email<span class=\"breakdance-form-field__required\">*<\/span><\/span>\n        <\/label>\n    \n    <input\n    class=\"breakdance-form-field__input\"\n    id=\"email\"\n    aria-describedby=\"email\"\n    type=\"email\"\n    name=\"fields[email]\"\n    placeholder=\"\"\n    value=\"\"\n        \n    \n    \n    required\n    \n    \n>\n\n\n    \n    \n<\/div>\n\n         \n          \n          <div class=\"breakdance-form-field breakdance-form-field--tel\" >\n    \n            <label class=\"breakdance-form-field__label\" for=\"vqxllt\">\n            Telefon<span class=\"breakdance-form-field__required\">*<\/span><\/span>\n        <\/label>\n    \n    <input\n    class=\"breakdance-form-field__input\"\n    id=\"vqxllt\"\n    aria-describedby=\"vqxllt\"\n    type=\"tel\"\n    name=\"fields[vqxllt]\"\n    placeholder=\"\"\n    value=\"\"\n        \n    \n    \n    required\n    \n    \n>\n\n\n    \n    \n<\/div>\n\n         \n          \n          <div class=\"breakdance-form-field breakdance-form-field--textarea\" >\n    \n            <label class=\"breakdance-form-field__label\" for=\"deyzbg\">\n            Dodatkowe pytania<\/span>\n        <\/label>\n    \n    <textarea\n    class=\"breakdance-form-field__input\"\n    id=\"deyzbg\"\n    aria-describedby=\"deyzbg\"\n    type=\"textarea\"\n    name=\"fields[deyzbg]\"\n        placeholder=\"\"\n    \n    >\n<\/textarea>\n\n\n    \n    \n<\/div>\n\n         \n          \n          <div class=\"breakdance-form-field breakdance-form-field--checkbox\" >\n    \n    \n        <div class=\"breakdance-form-checkbox\">\n        <input\n            type=\"checkbox\"\n            name=\"fields[pfxeqk]\"\n            value=\"Akceptuje &lt;a href=&quot;venomcars.net\/polityka-prywatnosci&quot;&gt; Polityke prywatno\u015bci&lt;a&gt;\"\n            id=\"pfxeqk-1\"\n            \n                    >\n        <label class=\"breakdance-form-checkbox__text\" for=\"pfxeqk-1\">Akceptuje <a href=\"venomcars.net\/polityka-prywatnosci\"> Polityke prywatno\u015bci<a><\/label>\n    <\/div>\n\n\n    \n    \n<\/div>\n\n         \n  \n\n<footer class=\"breakdance-form-field breakdance-form-footer\">\n    \n    \n                                    \n    \n            <button type=\"submit\" class=\"button-atom button-atom--primary breakdance-form-button breakdance-form-button__submit\" >\n    \n        <span class=\"button-atom__text\">Wy\u015blij<\/span>\n\n        \n        \n            <\/button>\n    \n    <input type=\"hidden\" name=\"form_id\" value=\"102\">\n    <input type=\"hidden\" name=\"post_id\" value=\"673\">\n<\/footer>\n\n  \n<\/form>\n\n         \n\n         <\/div><div class=\"bde-rich-text-673-107 bde-rich-text breakdance-rich-text-styles\">\n          \n          <h2> BMW M4 \u2013 wyj\u0105tkowy model z niemieckiej stajni<\/h2>\n<p>\u201eEm czw\u00f3rki\u201d to auta, kt\u00f3re powsta\u0142y z my\u015bl\u0105 o ludziach ceni\u0105cych sobie dynamiczn\u0105 jazd\u0119 i ostry, sportowy design. To wida\u0107 ju\u017c na pierwszy rzut oka. Oczywi\u015bcie \u2013 nie brakuje im elegancji, ale ich wzornictwo wyra\u017anie r\u00f3\u017cni si\u0119 od reszty propozycji koncernu. Z tego powodu wynajem BMW M4, jaki oferuje nasza wypo\u017cyczalnia, to doskona\u0142a opcja dla ka\u017cdego, kto pragnie prze\u017cy\u0107 przygod\u0119 z unikatow\u0105 besti\u0105.<\/p>\n<p>Przeja\u017cd\u017cka Competition Coup\u00e9 rewelacyjnie sprawdzi si\u0119 np. jako prezent na urodziny lub inn\u0105 wyj\u0105tkow\u0105 okazj\u0119 dla osoby b\u0119d\u0105cej fanem motoryzacji \u2013 zw\u0142aszcza sportowych aut. Warto te\u017c rozwa\u017cy\u0107 wypo\u017cyczenie go na inne okazje, gdy chcesz np. zrobi\u0107 odpowiednie wra\u017cenie. Randka pe\u0142na emocji? A mo\u017ce jakie\u015b wa\u017cne spotkanie biznesowe? Albo \u2013 po prostu \u2013 ch\u0119\u0107 spe\u0142nienia marze\u0144 o \u201eprzejechaniu si\u0119\u201d luksusowym samochodem wy\u015bcigowym?&nbsp;Wymieniliby\u015bmy wi\u0119cej powod\u00f3w, dla kt\u00f3rych warto postawi\u0107 na wynajem BMW M4 z naszej wypo\u017cyczalni\u2026 ale wiemy, \u017ce Ty znajdziesz najlepsz\u0105 motywacj\u0119 dla skorzystania z tej oferty.<\/p>\n<h2>Co warto wiedzie\u0107, nim zdecydujesz si\u0119 na wynajem tego auta?<\/h2>\n<p>Pozw\u00f3l, \u017ce powiemy Ci wi\u0119cej o prezentowanym poje\u017adzie. Pi\u0119kna, drapie\u017cna linia to jedna strona medalu. Druga natomiast to mo\u017cliwo\u015bci, jakie ma BMW M4. Je\u015bli zdecydujesz si\u0119 na jego wynajem w naszej wypo\u017cyczalni, b\u0119dziesz musia\u0142 zapanowa\u0107 nad pot\u0119\u017cnym nap\u0119dem M xDrive, kt\u00f3rego sercem jest 6-cylindrowy silnik, generuj\u0105cy a\u017c 540 koni mechanicznych! To sprawia, \u017ce fura ta rozp\u0119dza si\u0119 od zera do setki w ci\u0105gu 3,5 sekundy! Jednocze\u015bnie samo prowadzenie prezentowanej maszyny to czysta przyjemno\u015b\u0107 \u2013 nie tylko dzi\u0119ki rewelacyjnemu uk\u0142adowi jezdnemu\u2026 ale i wyj\u0105tkowemu wyposa\u017ceniu wn\u0119trza.<\/p>\n<p>W kokpicie bowiem czeka na Ciebie nowoczesne wyposa\u017cenie, wraz z wygodnie le\u017c\u0105c\u0105 w d\u0142oni kierownic\u0105, a tak\u017ce zaawansowanymi panelami, u\u0142atwiaj\u0105cymi planowanie trasy i pe\u0142ne panowanie nad emk\u0105. W \u015brodku pojazdu uwag\u0119 zwracaj\u0105 nie tyle wygodne fotele, co innowacyjne wyko\u0144czenie \u2013 zar\u00f3wno, je\u015bli chodzi o dob\u00f3r kolorystyki, jak i materia\u0142\u00f3w. Wiele os\u0142on bowiem wykonano z estetycznego, lekkiego i wytrzyma\u0142ego karbonu. A to jedynie cz\u0119\u015b\u0107 atut\u00f3w BMW M4, kt\u00f3re znajdziesz na wynajem&nbsp;w wypo\u017cyczalni Venom Cars.<\/p>\n<h2>Prosty i szybki wynajem \u2013 tylko w wypo\u017cyczalni Venom Cars!<\/h2>\n<p>Chcesz si\u0119 przekona\u0107, jak to jest chwyci\u0107 byka za rogi i okie\u0142zna\u0107 go? Wystarczy, \u017ce skorzystasz z proponowanej oferty! Dbamy o to, by procedury by\u0142y uproszczone, dzi\u0119ki czemu fan motoryzacji mo\u017ce zdecydowa\u0107 si\u0119 na wynajem na atrakcyjnych warunkach. Nasza wypo\u017cyczalnia ma r\u00f3\u017cne samochody, kt\u00f3re wpadn\u0105 w oko mi\u0142o\u015bnikom szybkiej jazdy, a BMW M4 zdecydowanie nale\u017cy do czo\u0142\u00f3wki. Skontaktuj si\u0119 z nami, by ustali\u0107 szczeg\u00f3\u0142y!<\/p>\n         <\/div><\/div>\n         <\/section>","protected":false},"excerpt":{"rendered":"","protected":false},"author":4,"featured_media":0,"parent":0,"menu_order":0,"comment_status":"closed","ping_status":"closed","template":"","meta":{"inline_featured_image":false,"_breakdance_hide_in_design_set":false,"_breakdance_tags":"","footnotes":""},"class_list":["post-673","page","type-page","status-publish","hentry"],"yoast_head":"<!-- This site is optimized with the Yoast SEO plugin v27.4 - https:\/\/yoast.com\/product\/yoast-seo-wordpress\/ -->\n<title>BMW M4 wynajem, wypo\u017cyczalnia BMW M4 \u2013 Venom Cars<\/title>\n<meta name=\"robots\" content=\"index, follow, max-snippet:-1, max-image-preview:large, max-video-preview:-1\" \/>\n<link rel=\"canonical\" href=\"https:\/\/venomcars.pl\/?page_id=673\" \/>\n<meta property=\"og:locale\" content=\"pl_PL\" \/>\n<meta property=\"og:type\" content=\"article\" \/>\n<meta property=\"og:title\" content=\"BMW M4 wynajem, wypo\u017cyczalnia BMW M4 \u2013 Venom Cars\" \/>\n<meta property=\"og:url\" content=\"https:\/\/venomcars.pl\/?page_id=673\" \/>\n<meta property=\"og:site_name\" content=\"Venomcars\" \/>\n<meta property=\"article:publisher\" content=\"https:\/\/www.facebook.com\/Venom-Cars-Wypoyczalnia-samochodw-107974788811594?locale=pl_PL\" \/>\n<meta property=\"article:modified_time\" content=\"2024-05-14T11:30:34+00:00\" \/>\n<meta name=\"twitter:card\" content=\"summary_large_image\" \/>\n<meta name=\"twitter:label1\" content=\"Szacowany czas czytania\" \/>\n\t<meta name=\"twitter:data1\" content=\"1 minuta\" \/>\n<script type=\"application\/ld+json\" class=\"yoast-schema-graph\">{\"@context\":\"https:\\\/\\\/schema.org\",\"@graph\":[{\"@type\":\"WebPage\",\"@id\":\"https:\\\/\\\/venomcars.pl\\\/?page_id=673\",\"url\":\"https:\\\/\\\/venomcars.pl\\\/?page_id=673\",\"name\":\"BMW M4 wynajem, wypo\u017cyczalnia BMW M4 \u2013 Venom Cars\",\"isPartOf\":{\"@id\":\"https:\\\/\\\/venomcars.pl\\\/#website\"},\"datePublished\":\"2023-12-20T09:04:50+00:00\",\"dateModified\":\"2024-05-14T11:30:34+00:00\",\"breadcrumb\":{\"@id\":\"https:\\\/\\\/venomcars.pl\\\/?page_id=673#breadcrumb\"},\"inLanguage\":\"pl-PL\",\"potentialAction\":[{\"@type\":\"ReadAction\",\"target\":[\"https:\\\/\\\/venomcars.pl\\\/?page_id=673\"]}]},{\"@type\":\"BreadcrumbList\",\"@id\":\"https:\\\/\\\/venomcars.pl\\\/?page_id=673#breadcrumb\",\"itemListElement\":[{\"@type\":\"ListItem\",\"position\":1,\"name\":\"Strona g\u0142\u00f3wna\",\"item\":\"https:\\\/\\\/venomcars.pl\\\/\"},{\"@type\":\"ListItem\",\"position\":2,\"name\":\"Wynajem BMW M4\"}]},{\"@type\":\"WebSite\",\"@id\":\"https:\\\/\\\/venomcars.pl\\\/#website\",\"url\":\"https:\\\/\\\/venomcars.pl\\\/\",\"name\":\"Venom Cars\",\"description\":\"\",\"publisher\":{\"@id\":\"https:\\\/\\\/venomcars.pl\\\/#organization\"},\"potentialAction\":[{\"@type\":\"SearchAction\",\"target\":{\"@type\":\"EntryPoint\",\"urlTemplate\":\"https:\\\/\\\/venomcars.pl\\\/?s={search_term_string}\"},\"query-input\":{\"@type\":\"PropertyValueSpecification\",\"valueRequired\":true,\"valueName\":\"search_term_string\"}}],\"inLanguage\":\"pl-PL\"},{\"@type\":\"Organization\",\"@id\":\"https:\\\/\\\/venomcars.pl\\\/#organization\",\"name\":\"Venom Cars\",\"url\":\"https:\\\/\\\/venomcars.pl\\\/\",\"logo\":{\"@type\":\"ImageObject\",\"inLanguage\":\"pl-PL\",\"@id\":\"https:\\\/\\\/venomcars.pl\\\/#\\\/schema\\\/logo\\\/image\\\/\",\"url\":\"https:\\\/\\\/venomcars.pl\\\/wp-content\\\/uploads\\\/venom-cars-black-logo.jpg\",\"contentUrl\":\"https:\\\/\\\/venomcars.pl\\\/wp-content\\\/uploads\\\/venom-cars-black-logo.jpg\",\"width\":640,\"height\":379,\"caption\":\"Venom Cars\"},\"image\":{\"@id\":\"https:\\\/\\\/venomcars.pl\\\/#\\\/schema\\\/logo\\\/image\\\/\"},\"sameAs\":[\"https:\\\/\\\/www.facebook.com\\\/Venom-Cars-Wypoyczalnia-samochodw-107974788811594?locale=pl_PL\",\"https:\\\/\\\/www.instagram.com\\\/venom_cars_wypozyczalnia\\\/\",\"https:\\\/\\\/www.tiktok.com\\\/@venom_cars_wypozyczalnia\"]}]}<\/script>\n<!-- \/ Yoast SEO plugin. -->","yoast_head_json":{"title":"BMW M4 wynajem, wypo\u017cyczalnia BMW M4 \u2013 Venom Cars","robots":{"index":"index","follow":"follow","max-snippet":"max-snippet:-1","max-image-preview":"max-image-preview:large","max-video-preview":"max-video-preview:-1"},"canonical":"https:\/\/venomcars.pl\/?page_id=673","og_locale":"pl_PL","og_type":"article","og_title":"BMW M4 wynajem, wypo\u017cyczalnia BMW M4 \u2013 Venom Cars","og_url":"https:\/\/venomcars.pl\/?page_id=673","og_site_name":"Venomcars","article_publisher":"https:\/\/www.facebook.com\/Venom-Cars-Wypoyczalnia-samochodw-107974788811594?locale=pl_PL","article_modified_time":"2024-05-14T11:30:34+00:00","twitter_card":"summary_large_image","twitter_misc":{"Szacowany czas czytania":"1 minuta"},"schema":{"@context":"https:\/\/schema.org","@graph":[{"@type":"WebPage","@id":"https:\/\/venomcars.pl\/?page_id=673","url":"https:\/\/venomcars.pl\/?page_id=673","name":"BMW M4 wynajem, wypo\u017cyczalnia BMW M4 \u2013 Venom Cars","isPartOf":{"@id":"https:\/\/venomcars.pl\/#website"},"datePublished":"2023-12-20T09:04:50+00:00","dateModified":"2024-05-14T11:30:34+00:00","breadcrumb":{"@id":"https:\/\/venomcars.pl\/?page_id=673#breadcrumb"},"inLanguage":"pl-PL","potentialAction":[{"@type":"ReadAction","target":["https:\/\/venomcars.pl\/?page_id=673"]}]},{"@type":"BreadcrumbList","@id":"https:\/\/venomcars.pl\/?page_id=673#breadcrumb","itemListElement":[{"@type":"ListItem","position":1,"name":"Strona g\u0142\u00f3wna","item":"https:\/\/venomcars.pl\/"},{"@type":"ListItem","position":2,"name":"Wynajem BMW M4"}]},{"@type":"WebSite","@id":"https:\/\/venomcars.pl\/#website","url":"https:\/\/venomcars.pl\/","name":"Venom Cars","description":"","publisher":{"@id":"https:\/\/venomcars.pl\/#organization"},"potentialAction":[{"@type":"SearchAction","target":{"@type":"EntryPoint","urlTemplate":"https:\/\/venomcars.pl\/?s={search_term_string}"},"query-input":{"@type":"PropertyValueSpecification","valueRequired":true,"valueName":"search_term_string"}}],"inLanguage":"pl-PL"},{"@type":"Organization","@id":"https:\/\/venomcars.pl\/#organization","name":"Venom Cars","url":"https:\/\/venomcars.pl\/","logo":{"@type":"ImageObject","inLanguage":"pl-PL","@id":"https:\/\/venomcars.pl\/#\/schema\/logo\/image\/","url":"https:\/\/venomcars.pl\/wp-content\/uploads\/venom-cars-black-logo.jpg","contentUrl":"https:\/\/venomcars.pl\/wp-content\/uploads\/venom-cars-black-logo.jpg","width":640,"height":379,"caption":"Venom Cars"},"image":{"@id":"https:\/\/venomcars.pl\/#\/schema\/logo\/image\/"},"sameAs":["https:\/\/www.facebook.com\/Venom-Cars-Wypoyczalnia-samochodw-107974788811594?locale=pl_PL","https:\/\/www.instagram.com\/venom_cars_wypozyczalnia\/","https:\/\/www.tiktok.com\/@venom_cars_wypozyczalnia"]}]}},"_links":{"self":[{"href":"https:\/\/venomcars.pl\/index.php?rest_route=\/wp\/v2\/pages\/673","targetHints":{"allow":["GET"]}}],"collection":[{"href":"https:\/\/venomcars.pl\/index.php?rest_route=\/wp\/v2\/pages"}],"about":[{"href":"https:\/\/venomcars.pl\/index.php?rest_route=\/wp\/v2\/types\/page"}],"author":[{"embeddable":true,"href":"https:\/\/venomcars.pl\/index.php?rest_route=\/wp\/v2\/users\/4"}],"replies":[{"embeddable":true,"href":"https:\/\/venomcars.pl\/index.php?rest_route=%2Fwp%2Fv2%2Fcomments&post=673"}],"version-history":[{"count":7,"href":"https:\/\/venomcars.pl\/index.php?rest_route=\/wp\/v2\/pages\/673\/revisions"}],"predecessor-version":[{"id":812,"href":"https:\/\/venomcars.pl\/index.php?rest_route=\/wp\/v2\/pages\/673\/revisions\/812"}],"wp:attachment":[{"href":"https:\/\/venomcars.pl\/index.php?rest_route=%2Fwp%2Fv2%2Fmedia&parent=673"}],"curies":[{"name":"wp","href":"https:\/\/api.w.org\/{rel}","templated":true}]}}