{"id":675,"date":"2023-12-20T09:05:00","date_gmt":"2023-12-20T09:05:00","guid":{"rendered":"https:\/\/venomcars.pl\/?page_id=675"},"modified":"2024-05-14T11:32:57","modified_gmt":"2024-05-14T11:32:57","slug":"wynajem-toyota-supra","status":"publish","type":"page","link":"https:\/\/venomcars.pl\/?page_id=675","title":{"rendered":"Wynajem Toyota Supra"},"content":{"rendered":"<section class=\"bde-section-675-100 bde-section\">\n          \n          \n  \n\t\n\n\n\n<div class=\"section-container\"><div class=\"bde-div-675-103 bde-div\">\n          \n          \n  \n\t\n\n\n\n<h1 class=\"bde-heading-675-101 bde-heading\">\n          \n          Wynajem Toyota Supra\n         <\/h1><div class=\"bde-image-675-105 bde-image sem-img\">\n          \n           \n\n\n\n\n\n<figure class=\"breakdance-image breakdance-image--455\">\n\t<div class=\"breakdance-image-container\">\n\t\t<div class=\"breakdance-image-clip\">\n\t\t\t\n\t\t\t\t\n\t\t\t\t\t      \n  \n  \n  \n  \n      \n      <img decoding=\"async\"\n      class=\"breakdance-image-object\"\n      src=\"https:\/\/venomcars.pl\/wp-content\/uploads\/IMG_7196-scaled-e1685880803678.jpg\"\n      width=\"1000\"\n      height=\"667\"\n      alt=\"Wypo\u017cyczalnia Toyota Supra \u2013 Venom Cars\"\n      loading=\"lazy\"\n              srcset=\"https:\/\/venomcars.pl\/wp-content\/uploads\/IMG_7196-scaled-e1685880803678.jpg 1000w, https:\/\/venomcars.pl\/wp-content\/uploads\/IMG_7196-scaled-e1685880803678-300x200.jpg 300w, https:\/\/venomcars.pl\/wp-content\/uploads\/IMG_7196-scaled-e1685880803678-768x512.jpg 768w\"\n              sizes=\"auto, (max-width: 1000px) 100vw, 1000px\"\n          >\n  \n\n\t\t\t\t\t\n\t\t\t\t\t\t<\/div>\n\t<\/div>\n\n\t<\/figure>\n\n         <\/div>\n         <\/div><div class=\"bde-rich-text-675-106 bde-rich-text breakdance-rich-text-styles\">\n          \n          <p>Japo\u0144skie samochody maj\u0105 r\u00f3\u017cne oblicza. Cz\u0119\u015b\u0107 z nich to grzeczne&nbsp;i typowo rodzinne pojazdy. Inne \u2013 to dos\u0142ownie niemo\u017cliwe do \u201ezajechania\u201d wo\u0142y robocze. Ale istnieje te\u017c grono pojazd\u00f3w, tn\u0105cych drogi i powietrze r\u00f3wnie g\u0142adko i precyzyjnie, co ostrze katany. Bez w\u0105tpienia \u2013 taka jest m.in. Toyota Supra, kt\u00f3r\u0105 nasza wypo\u017cyczalnia ma na wynajem. Pi\u0119kne&nbsp;do najg\u0142\u0119bszych zakamark\u00f3w swojej mechaniczno-elektronicznej duszy sportowej GR to nowa ods\u0142ona tego legendarnego dla wielu pojazdu. Prz\u00f3d r\u00f3\u017cni si\u0119 od wersji klasycznego modelu, ale ty\u0142 i linia\u2026 Po nich wyra\u017anie wida\u0107 rodow\u00f3d tej maszyny. Je\u015bli chcesz si\u0119 przekona\u0107, jakie emocje towarzysz\u0105 chwyceniu za ster spadkobierczyni ducha samuraj\u00f3w \u2013 dzi\u0119ki Venom Cars masz niepowtarzaln\u0105 okazj\u0119. Skorzystaj z niej!<\/p>\n         <\/div><div class=\"bde-form-builder-675-102 bde-form-builder\">\n          \n          \n          \n          \n<form id=\"contact-form102\" class=\"breakdance-form breakdance-form--vertical \" data-options=\"{&quot;slug&quot;:&quot;custom&quot;,&quot;name&quot;:&quot;Contact Form&quot;,&quot;ajaxUrl&quot;:&quot;https:\\\/\\\/venomcars.pl\\\/wp-admin\\\/admin-ajax.php&quot;,&quot;clearOnSuccess&quot;:true,&quot;hideOnSuccess&quot;:false,&quot;successMessage&quot;:&quot;Twoja rezerwacja zosta\\u0142a wys\\u0142ana, niebawem si\\u0119 odezwiemy w celu potwierdzenia.&quot;,&quot;errorMessage&quot;:&quot;Co\\u015b posz\\u0142o nie tak&quot;,&quot;redirect&quot;:false,&quot;redirectUrl&quot;:null,&quot;customJavaScript&quot;:null,&quot;recaptcha&quot;:{&quot;key&quot;:&quot;6Lc_sK0kAAAAALs3BcvlDZlemsAblS1EltmsjQmm&quot;,&quot;enabled&quot;:true},&quot;honeypot_enabled&quot;:false,&quot;popupsOnSuccess&quot;:[],&quot;popupsOnError&quot;:[]}\" data-steps=\"0\" >\n  \n  \n  \n          \n          <div class=\"breakdance-form-field breakdance-form-field--select\" >\n    \n            <label class=\"breakdance-form-field__label\" for=\"zyadwo\">\n            Wybierz pojazd<span class=\"breakdance-form-field__required\">*<\/span><\/span>\n        <\/label>\n    \n    <select\n    class=\"breakdance-form-field__input\"\n    id=\"zyadwo\"\n    name=\"fields[zyadwo]\"\n    required\n    \n        >\n      <option value=\"\">Select...<\/option>\n          <option value=\"Toyota Supra GR\" selected>Toyota Supra GR<\/option>\n  <\/select>\n\n\n    \n    \n<\/div>\n\n         \n          \n          <div class=\"breakdance-form-field breakdance-form-field--date\" >\n    \n            <label class=\"breakdance-form-field__label\" for=\"wspecr\">\n            Data odbioru<span class=\"breakdance-form-field__required\">*<\/span><\/span>\n        <\/label>\n    \n    <input\n    class=\"breakdance-form-field__input\"\n    id=\"wspecr\"\n    aria-describedby=\"wspecr\"\n    type=\"date\"\n    name=\"fields[wspecr]\"\n    placeholder=\"\"\n    value=\"\"\n        \n    \n    \n    required\n    \n    \n>\n\n\n    \n    \n<\/div>\n\n         \n          \n          <div class=\"breakdance-form-field breakdance-form-field--date\" >\n    \n            <label class=\"breakdance-form-field__label\" for=\"uheojv\">\n            Data oddania<span class=\"breakdance-form-field__required\">*<\/span><\/span>\n        <\/label>\n    \n    <input\n    class=\"breakdance-form-field__input\"\n    id=\"uheojv\"\n    aria-describedby=\"uheojv\"\n    type=\"date\"\n    name=\"fields[uheojv]\"\n    placeholder=\"\"\n    value=\"\"\n        \n    \n    \n    required\n    \n    \n>\n\n\n    \n    \n<\/div>\n\n         \n          \n          <div class=\"breakdance-form-field breakdance-form-field--checkbox\" >\n    \n    \n        <div class=\"breakdance-form-checkbox\">\n        <input\n            type=\"checkbox\"\n            name=\"fields[mlsfeq]\"\n            value=\"Mam kod promocyjny\"\n            id=\"mlsfeq-1\"\n            \n                    >\n        <label class=\"breakdance-form-checkbox__text\" for=\"mlsfeq-1\">Mam kod promocyjny<\/label>\n    <\/div>\n\n\n    \n    \n<\/div>\n\n         \n          \n          <div class=\"breakdance-form-field breakdance-form-field--text\" >\n    \n    \n    <input\n    class=\"breakdance-form-field__input\"\n    id=\"iqkrtg\"\n    aria-describedby=\"iqkrtg\"\n    type=\"text\"\n    name=\"fields[iqkrtg]\"\n    placeholder=\"Wpisz sw\u00f3j kod\"\n    value=\"\"\n          data-conditional-field-id=\"mlsfeq\"\n              data-conditional-value=\"\"\n            data-conditional-operand=\"is set\"\n        \n    \n    \n    \n    \n    \n>\n\n\n    \n    \n<\/div>\n\n         \n          \n          <div class=\"breakdance-form-field breakdance-form-field--text\" >\n    \n            <label class=\"breakdance-form-field__label\" for=\"name\">\n            Imi\u0119<span class=\"breakdance-form-field__required\">*<\/span><\/span>\n        <\/label>\n    \n    <input\n    class=\"breakdance-form-field__input\"\n    id=\"name\"\n    aria-describedby=\"name\"\n    type=\"text\"\n    name=\"fields[name]\"\n    placeholder=\"\"\n    value=\"\"\n        \n    \n    \n    required\n    \n    \n>\n\n\n    \n    \n<\/div>\n\n         \n          \n          <div class=\"breakdance-form-field breakdance-form-field--text\" >\n    \n            <label class=\"breakdance-form-field__label\" for=\"obgoee\">\n            Nazwisko<span class=\"breakdance-form-field__required\">*<\/span><\/span>\n        <\/label>\n    \n    <input\n    class=\"breakdance-form-field__input\"\n    id=\"obgoee\"\n    aria-describedby=\"obgoee\"\n    type=\"text\"\n    name=\"fields[obgoee]\"\n    placeholder=\"\"\n    value=\"\"\n        \n    \n    \n    required\n    \n    \n>\n\n\n    \n    \n<\/div>\n\n         \n          \n          <div class=\"breakdance-form-field breakdance-form-field--email\" >\n    \n            <label class=\"breakdance-form-field__label\" for=\"email\">\n            Email<span class=\"breakdance-form-field__required\">*<\/span><\/span>\n        <\/label>\n    \n    <input\n    class=\"breakdance-form-field__input\"\n    id=\"email\"\n    aria-describedby=\"email\"\n    type=\"email\"\n    name=\"fields[email]\"\n    placeholder=\"\"\n    value=\"\"\n        \n    \n    \n    required\n    \n    \n>\n\n\n    \n    \n<\/div>\n\n         \n          \n          <div class=\"breakdance-form-field breakdance-form-field--tel\" >\n    \n            <label class=\"breakdance-form-field__label\" for=\"vqxllt\">\n            Telefon<span class=\"breakdance-form-field__required\">*<\/span><\/span>\n        <\/label>\n    \n    <input\n    class=\"breakdance-form-field__input\"\n    id=\"vqxllt\"\n    aria-describedby=\"vqxllt\"\n    type=\"tel\"\n    name=\"fields[vqxllt]\"\n    placeholder=\"\"\n    value=\"\"\n        \n    \n    \n    required\n    \n    \n>\n\n\n    \n    \n<\/div>\n\n         \n          \n          <div class=\"breakdance-form-field breakdance-form-field--textarea\" >\n    \n            <label class=\"breakdance-form-field__label\" for=\"deyzbg\">\n            Dodatkowe pytania<\/span>\n        <\/label>\n    \n    <textarea\n    class=\"breakdance-form-field__input\"\n    id=\"deyzbg\"\n    aria-describedby=\"deyzbg\"\n    type=\"textarea\"\n    name=\"fields[deyzbg]\"\n        placeholder=\"\"\n    \n    >\n<\/textarea>\n\n\n    \n    \n<\/div>\n\n         \n          \n          <div class=\"breakdance-form-field breakdance-form-field--checkbox\" >\n    \n    \n        <div class=\"breakdance-form-checkbox\">\n        <input\n            type=\"checkbox\"\n            name=\"fields[pfxeqk]\"\n            value=\"Akceptuje &lt;a href=&quot;venomcars.net\/polityka-prywatnosci&quot;&gt; Polityke prywatno\u015bci&lt;a&gt;\"\n            id=\"pfxeqk-1\"\n            \n                    >\n        <label class=\"breakdance-form-checkbox__text\" for=\"pfxeqk-1\">Akceptuje <a href=\"venomcars.net\/polityka-prywatnosci\"> Polityke prywatno\u015bci<a><\/label>\n    <\/div>\n\n\n    \n    \n<\/div>\n\n         \n  \n\n<footer class=\"breakdance-form-field breakdance-form-footer\">\n    \n    \n                                    \n    \n            <button type=\"submit\" class=\"button-atom button-atom--primary breakdance-form-button breakdance-form-button__submit\" >\n    \n        <span class=\"button-atom__text\">Wy\u015blij<\/span>\n\n        \n        \n            <\/button>\n    \n    <input type=\"hidden\" name=\"form_id\" value=\"102\">\n    <input type=\"hidden\" name=\"post_id\" value=\"675\">\n<\/footer>\n\n  \n<\/form>\n\n         \n\n         <\/div><div class=\"bde-rich-text-675-107 bde-rich-text breakdance-rich-text-styles\">\n          \n          <h2> Supra \u2013 idealne auto na r\u00f3\u017cne okazje<\/h2>\n<p>Kiedy warto wybra\u0107 akurat ten pojazd na wynajem? Samoch\u00f3d ten sprawdzi si\u0119 w najr\u00f3\u017cniejszych okoliczno\u015bciach \u2013 szczeg\u00f3lnie tam, gdzie chcesz zrobi\u0107 odpowiednie wra\u017cenie. Na przyk\u0142ad? Toyota Supra z naszej wypo\u017cyczalni doskonale zda egzamin podczas wa\u017cnych dla Ciebie spotka\u0144 \u2013 tych biznesowych, jak i prywatnych.<\/p>\n<p>Je\u015bli za\u015b zbli\u017ca si\u0119 Wasz \u015blub, a oboje jeste\u015bcie entuzjastami mocnych, sportowych aut \u2013 wynajem toyoty Supry z naszej wypo\u017cyczalni na dojazd do ko\u015bcio\u0142a i do miejsca wesela b\u0119dzie rewelacyjnym pomys\u0142em. Opr\u00f3cz tego jest szereg innych powod\u00f3w, dlaczego warto si\u0119 przejecha\u0107 tym samochodem. Urodziny, przej\u015bcie na emerytur\u0119, szereg innych mniej wa\u017cnych i wa\u017cniejszych okazji, gdy warto wsi\u0105\u015b\u0107 za stery tej ostrej jak samurajski miecz bestii. Ty je nazwij, a my pomo\u017cemy Ci spe\u0142ni\u0107 marzenia!<\/p>\n<h2>Agresywny, ale uk\u0142adny \u201eJapo\u0144czyk\u201d na wynajem<\/h2>\n<p>Czym wyr\u00f3\u017cnia si\u0119 toyota Supra, kt\u00f3r\u0105 oferuje nasza wypo\u017cyczalnia? Zacznijmy od tego, co pod mask\u0105! 258 koni mechanicznych, solidne przyspieszenie, gwarantuj\u0105ce rozp\u0119dzenie si\u0119 od 0 do 100 km\/h w nieco ponad 5 sekund.&nbsp;A do tego ten d\u017awi\u0119k\u2026 Dost\u0119pne na wynajem w Venom Cars auta sportowe kusz\u0105 nie tylko moc\u0105 i designem, ale i brzmieniem intensywnie pracuj\u0105cych cylindr\u00f3w. W przypadku tego \u201eJapo\u0144czyka\u201d to prawdziwa muzyka dla uszu.<\/p>\n<p>Sportowe, agresywne wzornictwo to co\u015b, do czego toyota w swoich sportowych samochodach dawno nas przyzwyczai\u0142a. Supra wiernie nawi\u0105zuje do poprzedniczek, robi\u0105c niesamowite wra\u017cenie na ka\u017cdym, kto ma okazj\u0119 j\u0105 podziwia\u0107. Tym razem, nawet przy charakterystycznych dla tej linii kszta\u0142tach, wida\u0107 te\u017c ostrzejsze elementy, dodaj\u0105ce ca\u0142o\u015bci agresywnego charakteru.<\/p>\n<p>Kokpit zosta\u0142 zaprojektowany tak, aby, jak najmniej rozprasza\u0142o Ci\u0119 w czasie jazdy. Niemniej nie brakuje w nim licznych unowocze\u015bnie\u0144, bez kt\u00f3rych \u017cadne wsp\u00f3\u0142czesne auto si\u0119 nie obejdzie. Jasno trzeba powiedzie\u0107, \u017ce obok wysokiego komfortu projektanci postawili na pragmatyzm i przyjemno\u015b\u0107 z kierowania. Trudno oczekiwa\u0107 od japo\u0144skiej maszyny czego\u015b innego, prawda? Dlatego jeste\u015bmy pewni, \u017ce klienci naszej wypo\u017cyczalni ch\u0119tnie si\u0119gn\u0105 po ten model na wynajem!<\/p>\n<h2>Wynajmij i przejed\u017a si\u0119 toyot\u0105 Supr\u0105!<\/h2>\n<p>Chcesz prze\u017cy\u0107 przygod\u0119 w wyj\u0105tkowym aucie sportowym? Ju\u017c teraz postaw na toyot\u0119 Supr\u0119! Wype\u0142nij formularz na stronie, zg\u0142o\u015b si\u0119 do nas telefonicznie lub przez mail. Dope\u0142nijmy wszystkie formalno\u015bci (a obci\u0119li\u015bmy je do minimum!) zwi\u0105zane z wynajmem i skorzystaj z wyj\u0105tkowej mo\u017cliwo\u015bci, gwarantowanej przez&nbsp;wypo\u017cyczalni\u0119&nbsp;Venom Cars!<\/p>\n         <\/div><\/div>\n         <\/section>","protected":false},"excerpt":{"rendered":"","protected":false},"author":4,"featured_media":0,"parent":0,"menu_order":0,"comment_status":"closed","ping_status":"closed","template":"","meta":{"inline_featured_image":false,"_breakdance_hide_in_design_set":false,"_breakdance_tags":"","footnotes":""},"class_list":["post-675","page","type-page","status-publish","hentry"],"yoast_head":"<!-- This site is optimized with the Yoast SEO plugin v27.4 - https:\/\/yoast.com\/product\/yoast-seo-wordpress\/ -->\n<title>Toyota Supra wynajem, wypo\u017cyczalnia Toyota Supra \u2013 Venom Cars<\/title>\n<meta name=\"robots\" content=\"index, follow, max-snippet:-1, max-image-preview:large, max-video-preview:-1\" \/>\n<link rel=\"canonical\" href=\"https:\/\/venomcars.pl\/?page_id=675\" \/>\n<meta property=\"og:locale\" content=\"pl_PL\" \/>\n<meta property=\"og:type\" content=\"article\" \/>\n<meta property=\"og:title\" content=\"Toyota Supra wynajem, wypo\u017cyczalnia Toyota Supra \u2013 Venom Cars\" \/>\n<meta property=\"og:url\" content=\"https:\/\/venomcars.pl\/?page_id=675\" \/>\n<meta property=\"og:site_name\" content=\"Venomcars\" \/>\n<meta property=\"article:publisher\" content=\"https:\/\/www.facebook.com\/Venom-Cars-Wypoyczalnia-samochodw-107974788811594?locale=pl_PL\" \/>\n<meta property=\"article:modified_time\" content=\"2024-05-14T11:32:57+00:00\" \/>\n<meta name=\"twitter:card\" content=\"summary_large_image\" \/>\n<meta name=\"twitter:label1\" content=\"Szacowany czas czytania\" \/>\n\t<meta name=\"twitter:data1\" content=\"1 minuta\" \/>\n<script type=\"application\/ld+json\" class=\"yoast-schema-graph\">{\"@context\":\"https:\\\/\\\/schema.org\",\"@graph\":[{\"@type\":\"WebPage\",\"@id\":\"https:\\\/\\\/venomcars.pl\\\/?page_id=675\",\"url\":\"https:\\\/\\\/venomcars.pl\\\/?page_id=675\",\"name\":\"Toyota Supra wynajem, wypo\u017cyczalnia Toyota Supra \u2013 Venom Cars\",\"isPartOf\":{\"@id\":\"https:\\\/\\\/venomcars.pl\\\/#website\"},\"datePublished\":\"2023-12-20T09:05:00+00:00\",\"dateModified\":\"2024-05-14T11:32:57+00:00\",\"breadcrumb\":{\"@id\":\"https:\\\/\\\/venomcars.pl\\\/?page_id=675#breadcrumb\"},\"inLanguage\":\"pl-PL\",\"potentialAction\":[{\"@type\":\"ReadAction\",\"target\":[\"https:\\\/\\\/venomcars.pl\\\/?page_id=675\"]}]},{\"@type\":\"BreadcrumbList\",\"@id\":\"https:\\\/\\\/venomcars.pl\\\/?page_id=675#breadcrumb\",\"itemListElement\":[{\"@type\":\"ListItem\",\"position\":1,\"name\":\"Strona g\u0142\u00f3wna\",\"item\":\"https:\\\/\\\/venomcars.pl\\\/\"},{\"@type\":\"ListItem\",\"position\":2,\"name\":\"Wynajem Toyota Supra\"}]},{\"@type\":\"WebSite\",\"@id\":\"https:\\\/\\\/venomcars.pl\\\/#website\",\"url\":\"https:\\\/\\\/venomcars.pl\\\/\",\"name\":\"Venom Cars\",\"description\":\"\",\"publisher\":{\"@id\":\"https:\\\/\\\/venomcars.pl\\\/#organization\"},\"potentialAction\":[{\"@type\":\"SearchAction\",\"target\":{\"@type\":\"EntryPoint\",\"urlTemplate\":\"https:\\\/\\\/venomcars.pl\\\/?s={search_term_string}\"},\"query-input\":{\"@type\":\"PropertyValueSpecification\",\"valueRequired\":true,\"valueName\":\"search_term_string\"}}],\"inLanguage\":\"pl-PL\"},{\"@type\":\"Organization\",\"@id\":\"https:\\\/\\\/venomcars.pl\\\/#organization\",\"name\":\"Venom Cars\",\"url\":\"https:\\\/\\\/venomcars.pl\\\/\",\"logo\":{\"@type\":\"ImageObject\",\"inLanguage\":\"pl-PL\",\"@id\":\"https:\\\/\\\/venomcars.pl\\\/#\\\/schema\\\/logo\\\/image\\\/\",\"url\":\"https:\\\/\\\/venomcars.pl\\\/wp-content\\\/uploads\\\/venom-cars-black-logo.jpg\",\"contentUrl\":\"https:\\\/\\\/venomcars.pl\\\/wp-content\\\/uploads\\\/venom-cars-black-logo.jpg\",\"width\":640,\"height\":379,\"caption\":\"Venom Cars\"},\"image\":{\"@id\":\"https:\\\/\\\/venomcars.pl\\\/#\\\/schema\\\/logo\\\/image\\\/\"},\"sameAs\":[\"https:\\\/\\\/www.facebook.com\\\/Venom-Cars-Wypoyczalnia-samochodw-107974788811594?locale=pl_PL\",\"https:\\\/\\\/www.instagram.com\\\/venom_cars_wypozyczalnia\\\/\",\"https:\\\/\\\/www.tiktok.com\\\/@venom_cars_wypozyczalnia\"]}]}<\/script>\n<!-- \/ Yoast SEO plugin. -->","yoast_head_json":{"title":"Toyota Supra wynajem, wypo\u017cyczalnia Toyota Supra \u2013 Venom Cars","robots":{"index":"index","follow":"follow","max-snippet":"max-snippet:-1","max-image-preview":"max-image-preview:large","max-video-preview":"max-video-preview:-1"},"canonical":"https:\/\/venomcars.pl\/?page_id=675","og_locale":"pl_PL","og_type":"article","og_title":"Toyota Supra wynajem, wypo\u017cyczalnia Toyota Supra \u2013 Venom Cars","og_url":"https:\/\/venomcars.pl\/?page_id=675","og_site_name":"Venomcars","article_publisher":"https:\/\/www.facebook.com\/Venom-Cars-Wypoyczalnia-samochodw-107974788811594?locale=pl_PL","article_modified_time":"2024-05-14T11:32:57+00:00","twitter_card":"summary_large_image","twitter_misc":{"Szacowany czas czytania":"1 minuta"},"schema":{"@context":"https:\/\/schema.org","@graph":[{"@type":"WebPage","@id":"https:\/\/venomcars.pl\/?page_id=675","url":"https:\/\/venomcars.pl\/?page_id=675","name":"Toyota Supra wynajem, wypo\u017cyczalnia Toyota Supra \u2013 Venom Cars","isPartOf":{"@id":"https:\/\/venomcars.pl\/#website"},"datePublished":"2023-12-20T09:05:00+00:00","dateModified":"2024-05-14T11:32:57+00:00","breadcrumb":{"@id":"https:\/\/venomcars.pl\/?page_id=675#breadcrumb"},"inLanguage":"pl-PL","potentialAction":[{"@type":"ReadAction","target":["https:\/\/venomcars.pl\/?page_id=675"]}]},{"@type":"BreadcrumbList","@id":"https:\/\/venomcars.pl\/?page_id=675#breadcrumb","itemListElement":[{"@type":"ListItem","position":1,"name":"Strona g\u0142\u00f3wna","item":"https:\/\/venomcars.pl\/"},{"@type":"ListItem","position":2,"name":"Wynajem Toyota Supra"}]},{"@type":"WebSite","@id":"https:\/\/venomcars.pl\/#website","url":"https:\/\/venomcars.pl\/","name":"Venom Cars","description":"","publisher":{"@id":"https:\/\/venomcars.pl\/#organization"},"potentialAction":[{"@type":"SearchAction","target":{"@type":"EntryPoint","urlTemplate":"https:\/\/venomcars.pl\/?s={search_term_string}"},"query-input":{"@type":"PropertyValueSpecification","valueRequired":true,"valueName":"search_term_string"}}],"inLanguage":"pl-PL"},{"@type":"Organization","@id":"https:\/\/venomcars.pl\/#organization","name":"Venom Cars","url":"https:\/\/venomcars.pl\/","logo":{"@type":"ImageObject","inLanguage":"pl-PL","@id":"https:\/\/venomcars.pl\/#\/schema\/logo\/image\/","url":"https:\/\/venomcars.pl\/wp-content\/uploads\/venom-cars-black-logo.jpg","contentUrl":"https:\/\/venomcars.pl\/wp-content\/uploads\/venom-cars-black-logo.jpg","width":640,"height":379,"caption":"Venom Cars"},"image":{"@id":"https:\/\/venomcars.pl\/#\/schema\/logo\/image\/"},"sameAs":["https:\/\/www.facebook.com\/Venom-Cars-Wypoyczalnia-samochodw-107974788811594?locale=pl_PL","https:\/\/www.instagram.com\/venom_cars_wypozyczalnia\/","https:\/\/www.tiktok.com\/@venom_cars_wypozyczalnia"]}]}},"_links":{"self":[{"href":"https:\/\/venomcars.pl\/index.php?rest_route=\/wp\/v2\/pages\/675","targetHints":{"allow":["GET"]}}],"collection":[{"href":"https:\/\/venomcars.pl\/index.php?rest_route=\/wp\/v2\/pages"}],"about":[{"href":"https:\/\/venomcars.pl\/index.php?rest_route=\/wp\/v2\/types\/page"}],"author":[{"embeddable":true,"href":"https:\/\/venomcars.pl\/index.php?rest_route=\/wp\/v2\/users\/4"}],"replies":[{"embeddable":true,"href":"https:\/\/venomcars.pl\/index.php?rest_route=%2Fwp%2Fv2%2Fcomments&post=675"}],"version-history":[{"count":6,"href":"https:\/\/venomcars.pl\/index.php?rest_route=\/wp\/v2\/pages\/675\/revisions"}],"predecessor-version":[{"id":816,"href":"https:\/\/venomcars.pl\/index.php?rest_route=\/wp\/v2\/pages\/675\/revisions\/816"}],"wp:attachment":[{"href":"https:\/\/venomcars.pl\/index.php?rest_route=%2Fwp%2Fv2%2Fmedia&parent=675"}],"curies":[{"name":"wp","href":"https:\/\/api.w.org\/{rel}","templated":true}]}}